{"id":1215,"date":"2024-02-05T22:03:32","date_gmt":"2024-02-06T03:03:32","guid":{"rendered":"https:\/\/simotor.co\/massey\/?page_id=1215"},"modified":"2025-10-31T08:43:50","modified_gmt":"2025-10-31T13:43:50","slug":"nosotoros","status":"publish","type":"page","link":"https:\/\/simotor.co\/massey\/nosotoros\/","title":{"rendered":"Nosotoros"},"content":{"rendered":"\t\t<div data-elementor-type=\"wp-page\" data-elementor-id=\"1215\" class=\"elementor elementor-1215\" data-elementor-post-type=\"page\">\n\t\t\t\t<div class=\"elementor-element elementor-element-49cb106 e-con-full e-flex e-con e-parent\" data-id=\"49cb106\" data-element_type=\"container\">\n\t\t\t\t<div class=\"elementor-element elementor-element-3d47daf elementor-widget__width-initial elementor-invisible elementor-widget elementor-widget-heading\" data-id=\"3d47daf\" data-element_type=\"widget\" data-settings=\"{&quot;_animation&quot;:&quot;fadeIn&quot;}\" data-widget_type=\"heading.default\">\n\t\t\t\t<div class=\"elementor-widget-container\">\n\t\t\t\t\t<h1 class=\"elementor-heading-title elementor-size-default\">Acerca  de nosotros<\/h1>\t\t\t\t<\/div>\n\t\t\t\t<\/div>\n\t\t\t\t<\/div>\n\t\t<div class=\"elementor-element elementor-element-dee9cd8 e-flex e-con-boxed e-con e-parent\" data-id=\"dee9cd8\" data-element_type=\"container\">\n\t\t\t\t\t<div class=\"e-con-inner\">\n\t\t\t\t<div class=\"elementor-element elementor-element-69cd2ca elementor-widget elementor-widget-html\" data-id=\"69cd2ca\" data-element_type=\"widget\" data-widget_type=\"html.default\">\n\t\t\t\t<div class=\"elementor-widget-container\">\n\t\t\t\t\t<div class=\"massey-quienes-box\">\r\n  <div class=\"massey-imagen\">\r\n    <img decoding=\"async\" src=\"https:\/\/lh3.googleusercontent.com\/p\/AF1QipNn5nIsC4uKrEXhDYkPPU-ADTwEYym7R5q0LQtQ=s1360-w1360-h1020-rw\" alt=\"Panader\u00eda Delicias de Cataleya\">\r\n  <\/div>\r\n  <div class=\"massey-texto\">\r\n    <p> Somos Simotor, el concesionario m\u00e1s grande de Massey Ferguson en el pa\u00eds. Durante los \u00faltimos 71 a\u00f1os, antes conocidos como Sida Ltda, hemos sido l\u00edderes en la comercializaci\u00f3n de la marca Massey Ferguson en la zona central de Colombia. Contamos con tres oficinas ubicadas en Ibagu\u00e9 (nuestra sede principal), El Espinal y Neiva. Contribuimos activamente a la tecnificaci\u00f3n del sector agropecuario, especialmente en el cultivo de arroz y ganader\u00eda, ofreciendo una amplia gama de tractores de diferentes potencias.<\/p>\r\n    <p> En el a\u00f1o 2023, bajo nuestro nuevo nombre comercial, Simotor, hemos llevado a cabo un ambicioso proyecto de expansi\u00f3n para apoyar el desarrollo del campo colombiano. Ahora operamos en nueve sedes a nivel nacional, representando no solo la marca Massey Ferguson, sino tambi\u00e9n Tatu Marchesan y Nogueira. Nuestro alcance abarca todo el pa\u00eds, excepto la costa Caribe.<\/p>\r\n    <p> Nuestra misi\u00f3n es liderar la tecnificaci\u00f3n del campo colombiano y seguir siendo el mejor aliado de los agricultores, proporcionando maquinaria de calidad para cada proyecto.<\/p>\r\n  <\/div>\r\n<\/div>\r\n\r\n<style>\r\n.massey-quienes-box {\r\n  display: flex;\r\n  align-items: center;\r\n  gap: 30px;\r\n  max-width: 1200px;\r\n  margin: 40px auto;\r\n  padding: 25px;\r\n  background: #fff;\r\n  border-radius: 8px;\r\n  box-shadow: 0 4px 12px rgba(0,0,0,0.08);\r\n}\r\n\r\n.massey-imagen img {\r\n  width: 100%;\r\n  max-width: 500px; \/* Aumentado de 350px a 500px para emular el tama\u00f1o de la imagen *\/\r\n  height: auto;\r\n  border: 3px solid #D32F2F;\r\n  border-radius: 8px;\r\n  box-shadow: 0 4px 8px rgba(0,0,0,0.1);\r\n}\r\n\r\n.massey-texto {\r\n  flex: 1;\r\n  font-family: 'Segoe UI', Tahoma, Geneva, Verdana, sans-serif;\r\n  color: #222;\r\n  line-height: 1.6;\r\n  font-size: 16px;\r\n  font-weight: normal;\r\n}\r\n\r\n.massey-texto p {\r\n  margin-bottom: 18px;\r\n  color: #222;\r\n}\r\n\r\n\/* Versi\u00f3n m\u00f3vil: apilar *\/\r\n@media (max-width: 768px) {\r\n  .massey-quienes-box {\r\n    flex-direction: column;\r\n    text-align: center;\r\n    padding: 20px;\r\n  }\r\n\r\n  .massey-imagen img {\r\n    max-width: 90%;\r\n  }\r\n\r\n  .massey-texto p {\r\n    text-align: left;\r\n    padding: 0 10px;\r\n  }\r\n}\r\n<\/style>\t\t\t\t<\/div>\n\t\t\t\t<\/div>\n\t\t\t\t\t<\/div>\n\t\t\t\t<\/div>\n\t\t\t\t<\/div>\n\t\t","protected":false},"excerpt":{"rendered":"<p>Acerca de nosotros Somos Simotor, el concesionario m\u00e1s grande de Massey Ferguson en el pa\u00eds. Durante los \u00faltimos 71 a\u00f1os, antes conocidos como Sida Ltda, hemos sido l\u00edderes en la comercializaci\u00f3n de la marca Massey Ferguson en la zona central de Colombia. Contamos con tres oficinas ubicadas en Ibagu\u00e9 (nuestra sede principal), El Espinal y [&hellip;]<\/p>\n","protected":false},"author":4,"featured_media":0,"parent":0,"menu_order":0,"comment_status":"closed","ping_status":"closed","template":"","meta":{"_eb_attr":"","site-sidebar-layout":"no-sidebar","site-content-layout":"page-builder","ast-site-content-layout":"full-width-container","site-content-style":"default","site-sidebar-style":"default","ast-global-header-display":"","ast-banner-title-visibility":"","ast-main-header-display":"","ast-hfb-above-header-display":"","ast-hfb-below-header-display":"","ast-hfb-mobile-header-display":"","site-post-title":"disabled","ast-breadcrumbs-content":"","ast-featured-img":"disabled","footer-sml-layout":"","theme-transparent-header-meta":"","adv-header-id-meta":"","stick-header-meta":"","header-above-stick-meta":"","header-main-stick-meta":"","header-below-stick-meta":"","astra-migrate-meta-layouts":"set","ast-page-background-enabled":"default","ast-page-background-meta":{"desktop":{"background-color":"","background-image":"","background-repeat":"repeat","background-position":"center center","background-size":"auto","background-attachment":"scroll","background-type":"","background-media":"","overlay-type":"","overlay-color":"","overlay-opacity":"","overlay-gradient":""},"tablet":{"background-color":"","background-image":"","background-repeat":"repeat","background-position":"center center","background-size":"auto","background-attachment":"scroll","background-type":"","background-media":"","overlay-type":"","overlay-color":"","overlay-opacity":"","overlay-gradient":""},"mobile":{"background-color":"","background-image":"","background-repeat":"repeat","background-position":"center center","background-size":"auto","background-attachment":"scroll","background-type":"","background-media":"","overlay-type":"","overlay-color":"","overlay-opacity":"","overlay-gradient":""}},"ast-content-background-meta":{"desktop":{"background-color":"var(--ast-global-color-5)","background-image":"","background-repeat":"repeat","background-position":"center center","background-size":"auto","background-attachment":"scroll","background-type":"","background-media":"","overlay-type":"","overlay-color":"","overlay-opacity":"","overlay-gradient":""},"tablet":{"background-color":"var(--ast-global-color-5)","background-image":"","background-repeat":"repeat","background-position":"center center","background-size":"auto","background-attachment":"scroll","background-type":"","background-media":"","overlay-type":"","overlay-color":"","overlay-opacity":"","overlay-gradient":""},"mobile":{"background-color":"var(--ast-global-color-5)","background-image":"","background-repeat":"repeat","background-position":"center center","background-size":"auto","background-attachment":"scroll","background-type":"","background-media":"","overlay-type":"","overlay-color":"","overlay-opacity":"","overlay-gradient":""}},"footnotes":""},"class_list":["post-1215","page","type-page","status-publish","hentry"],"yoast_head":"<!-- This site is optimized with the Yoast SEO plugin v26.1.1 - https:\/\/yoast.com\/wordpress\/plugins\/seo\/ -->\n<title>Nosotoros - Massey Ferguson SIMOTOR<\/title>\n<meta name=\"robots\" content=\"index, follow, max-snippet:-1, max-image-preview:large, max-video-preview:-1\" \/>\n<link rel=\"canonical\" href=\"https:\/\/simotor.co\/massey\/nosotoros\/\" \/>\n<meta property=\"og:locale\" content=\"es_ES\" \/>\n<meta property=\"og:type\" content=\"article\" \/>\n<meta property=\"og:title\" content=\"Nosotoros - Massey Ferguson SIMOTOR\" \/>\n<meta property=\"og:description\" content=\"Acerca de nosotros Somos Simotor, el concesionario m\u00e1s grande de Massey Ferguson en el pa\u00eds. Durante los \u00faltimos 71 a\u00f1os, antes conocidos como Sida Ltda, hemos sido l\u00edderes en la comercializaci\u00f3n de la marca Massey Ferguson en la zona central de Colombia. Contamos con tres oficinas ubicadas en Ibagu\u00e9 (nuestra sede principal), El Espinal y [&hellip;]\" \/>\n<meta property=\"og:url\" content=\"https:\/\/simotor.co\/massey\/nosotoros\/\" \/>\n<meta property=\"og:site_name\" content=\"Massey Ferguson SIMOTOR\" \/>\n<meta property=\"article:modified_time\" content=\"2025-10-31T13:43:50+00:00\" \/>\n<meta property=\"og:image\" content=\"https:\/\/lh3.googleusercontent.com\/p\/AF1QipNn5nIsC4uKrEXhDYkPPU-ADTwEYym7R5q0LQtQ=s1360-w1360-h1020-rw\" \/>\n<meta name=\"twitter:card\" content=\"summary_large_image\" \/>\n<meta name=\"twitter:label1\" content=\"Tiempo de lectura\" \/>\n\t<meta name=\"twitter:data1\" content=\"1 minuto\" \/>\n<script type=\"application\/ld+json\" class=\"yoast-schema-graph\">{\"@context\":\"https:\/\/schema.org\",\"@graph\":[{\"@type\":\"WebPage\",\"@id\":\"https:\/\/simotor.co\/massey\/nosotoros\/\",\"url\":\"https:\/\/simotor.co\/massey\/nosotoros\/\",\"name\":\"Nosotoros - Massey Ferguson SIMOTOR\",\"isPartOf\":{\"@id\":\"https:\/\/simotor.co\/massey\/#website\"},\"primaryImageOfPage\":{\"@id\":\"https:\/\/simotor.co\/massey\/nosotoros\/#primaryimage\"},\"image\":{\"@id\":\"https:\/\/simotor.co\/massey\/nosotoros\/#primaryimage\"},\"thumbnailUrl\":\"https:\/\/lh3.googleusercontent.com\/p\/AF1QipNn5nIsC4uKrEXhDYkPPU-ADTwEYym7R5q0LQtQ=s1360-w1360-h1020-rw\",\"datePublished\":\"2024-02-06T03:03:32+00:00\",\"dateModified\":\"2025-10-31T13:43:50+00:00\",\"breadcrumb\":{\"@id\":\"https:\/\/simotor.co\/massey\/nosotoros\/#breadcrumb\"},\"inLanguage\":\"es\",\"potentialAction\":[{\"@type\":\"ReadAction\",\"target\":[\"https:\/\/simotor.co\/massey\/nosotoros\/\"]}]},{\"@type\":\"ImageObject\",\"inLanguage\":\"es\",\"@id\":\"https:\/\/simotor.co\/massey\/nosotoros\/#primaryimage\",\"url\":\"https:\/\/lh3.googleusercontent.com\/p\/AF1QipNn5nIsC4uKrEXhDYkPPU-ADTwEYym7R5q0LQtQ=s1360-w1360-h1020-rw\",\"contentUrl\":\"https:\/\/lh3.googleusercontent.com\/p\/AF1QipNn5nIsC4uKrEXhDYkPPU-ADTwEYym7R5q0LQtQ=s1360-w1360-h1020-rw\"},{\"@type\":\"BreadcrumbList\",\"@id\":\"https:\/\/simotor.co\/massey\/nosotoros\/#breadcrumb\",\"itemListElement\":[{\"@type\":\"ListItem\",\"position\":1,\"name\":\"Portada\",\"item\":\"https:\/\/simotor.co\/massey\/\"},{\"@type\":\"ListItem\",\"position\":2,\"name\":\"Nosotoros\"}]},{\"@type\":\"WebSite\",\"@id\":\"https:\/\/simotor.co\/massey\/#website\",\"url\":\"https:\/\/simotor.co\/massey\/\",\"name\":\"Massey Ferguson SIMOTOR\",\"description\":\"\",\"publisher\":{\"@id\":\"https:\/\/simotor.co\/massey\/#organization\"},\"potentialAction\":[{\"@type\":\"SearchAction\",\"target\":{\"@type\":\"EntryPoint\",\"urlTemplate\":\"https:\/\/simotor.co\/massey\/?s={search_term_string}\"},\"query-input\":{\"@type\":\"PropertyValueSpecification\",\"valueRequired\":true,\"valueName\":\"search_term_string\"}}],\"inLanguage\":\"es\"},{\"@type\":\"Organization\",\"@id\":\"https:\/\/simotor.co\/massey\/#organization\",\"name\":\"SIDA S.A. - Massey Ferguson\",\"url\":\"https:\/\/simotor.co\/massey\/\",\"logo\":{\"@type\":\"ImageObject\",\"inLanguage\":\"es\",\"@id\":\"https:\/\/simotor.co\/massey\/#\/schema\/logo\/image\/\",\"url\":\"https:\/\/sida-sas.com\/massey\/wp-content\/uploads\/2020\/05\/logo-massey-header.png\",\"contentUrl\":\"https:\/\/sida-sas.com\/massey\/wp-content\/uploads\/2020\/05\/logo-massey-header.png\",\"width\":136,\"height\":76,\"caption\":\"SIDA S.A. - Massey Ferguson\"},\"image\":{\"@id\":\"https:\/\/simotor.co\/massey\/#\/schema\/logo\/image\/\"}}]}<\/script>\n<!-- \/ Yoast SEO plugin. -->","yoast_head_json":{"title":"Nosotoros - Massey Ferguson SIMOTOR","robots":{"index":"index","follow":"follow","max-snippet":"max-snippet:-1","max-image-preview":"max-image-preview:large","max-video-preview":"max-video-preview:-1"},"canonical":"https:\/\/simotor.co\/massey\/nosotoros\/","og_locale":"es_ES","og_type":"article","og_title":"Nosotoros - Massey Ferguson SIMOTOR","og_description":"Acerca de nosotros Somos Simotor, el concesionario m\u00e1s grande de Massey Ferguson en el pa\u00eds. Durante los \u00faltimos 71 a\u00f1os, antes conocidos como Sida Ltda, hemos sido l\u00edderes en la comercializaci\u00f3n de la marca Massey Ferguson en la zona central de Colombia. Contamos con tres oficinas ubicadas en Ibagu\u00e9 (nuestra sede principal), El Espinal y [&hellip;]","og_url":"https:\/\/simotor.co\/massey\/nosotoros\/","og_site_name":"Massey Ferguson SIMOTOR","article_modified_time":"2025-10-31T13:43:50+00:00","og_image":[{"url":"https:\/\/lh3.googleusercontent.com\/p\/AF1QipNn5nIsC4uKrEXhDYkPPU-ADTwEYym7R5q0LQtQ=s1360-w1360-h1020-rw","type":"","width":"","height":""}],"twitter_card":"summary_large_image","twitter_misc":{"Tiempo de lectura":"1 minuto"},"schema":{"@context":"https:\/\/schema.org","@graph":[{"@type":"WebPage","@id":"https:\/\/simotor.co\/massey\/nosotoros\/","url":"https:\/\/simotor.co\/massey\/nosotoros\/","name":"Nosotoros - Massey Ferguson SIMOTOR","isPartOf":{"@id":"https:\/\/simotor.co\/massey\/#website"},"primaryImageOfPage":{"@id":"https:\/\/simotor.co\/massey\/nosotoros\/#primaryimage"},"image":{"@id":"https:\/\/simotor.co\/massey\/nosotoros\/#primaryimage"},"thumbnailUrl":"https:\/\/lh3.googleusercontent.com\/p\/AF1QipNn5nIsC4uKrEXhDYkPPU-ADTwEYym7R5q0LQtQ=s1360-w1360-h1020-rw","datePublished":"2024-02-06T03:03:32+00:00","dateModified":"2025-10-31T13:43:50+00:00","breadcrumb":{"@id":"https:\/\/simotor.co\/massey\/nosotoros\/#breadcrumb"},"inLanguage":"es","potentialAction":[{"@type":"ReadAction","target":["https:\/\/simotor.co\/massey\/nosotoros\/"]}]},{"@type":"ImageObject","inLanguage":"es","@id":"https:\/\/simotor.co\/massey\/nosotoros\/#primaryimage","url":"https:\/\/lh3.googleusercontent.com\/p\/AF1QipNn5nIsC4uKrEXhDYkPPU-ADTwEYym7R5q0LQtQ=s1360-w1360-h1020-rw","contentUrl":"https:\/\/lh3.googleusercontent.com\/p\/AF1QipNn5nIsC4uKrEXhDYkPPU-ADTwEYym7R5q0LQtQ=s1360-w1360-h1020-rw"},{"@type":"BreadcrumbList","@id":"https:\/\/simotor.co\/massey\/nosotoros\/#breadcrumb","itemListElement":[{"@type":"ListItem","position":1,"name":"Portada","item":"https:\/\/simotor.co\/massey\/"},{"@type":"ListItem","position":2,"name":"Nosotoros"}]},{"@type":"WebSite","@id":"https:\/\/simotor.co\/massey\/#website","url":"https:\/\/simotor.co\/massey\/","name":"Massey Ferguson SIMOTOR","description":"","publisher":{"@id":"https:\/\/simotor.co\/massey\/#organization"},"potentialAction":[{"@type":"SearchAction","target":{"@type":"EntryPoint","urlTemplate":"https:\/\/simotor.co\/massey\/?s={search_term_string}"},"query-input":{"@type":"PropertyValueSpecification","valueRequired":true,"valueName":"search_term_string"}}],"inLanguage":"es"},{"@type":"Organization","@id":"https:\/\/simotor.co\/massey\/#organization","name":"SIDA S.A. - Massey Ferguson","url":"https:\/\/simotor.co\/massey\/","logo":{"@type":"ImageObject","inLanguage":"es","@id":"https:\/\/simotor.co\/massey\/#\/schema\/logo\/image\/","url":"https:\/\/sida-sas.com\/massey\/wp-content\/uploads\/2020\/05\/logo-massey-header.png","contentUrl":"https:\/\/sida-sas.com\/massey\/wp-content\/uploads\/2020\/05\/logo-massey-header.png","width":136,"height":76,"caption":"SIDA S.A. - Massey Ferguson"},"image":{"@id":"https:\/\/simotor.co\/massey\/#\/schema\/logo\/image\/"}}]}},"_links":{"self":[{"href":"https:\/\/simotor.co\/massey\/wp-json\/wp\/v2\/pages\/1215","targetHints":{"allow":["GET"]}}],"collection":[{"href":"https:\/\/simotor.co\/massey\/wp-json\/wp\/v2\/pages"}],"about":[{"href":"https:\/\/simotor.co\/massey\/wp-json\/wp\/v2\/types\/page"}],"author":[{"embeddable":true,"href":"https:\/\/simotor.co\/massey\/wp-json\/wp\/v2\/users\/4"}],"replies":[{"embeddable":true,"href":"https:\/\/simotor.co\/massey\/wp-json\/wp\/v2\/comments?post=1215"}],"version-history":[{"count":59,"href":"https:\/\/simotor.co\/massey\/wp-json\/wp\/v2\/pages\/1215\/revisions"}],"predecessor-version":[{"id":3742,"href":"https:\/\/simotor.co\/massey\/wp-json\/wp\/v2\/pages\/1215\/revisions\/3742"}],"wp:attachment":[{"href":"https:\/\/simotor.co\/massey\/wp-json\/wp\/v2\/media?parent=1215"}],"curies":[{"name":"wp","href":"https:\/\/api.w.org\/{rel}","templated":true}]}}