{"id":1217,"date":"2024-02-05T22:03:59","date_gmt":"2024-02-06T03:03:59","guid":{"rendered":"https:\/\/simotor.co\/massey\/?page_id=1217"},"modified":"2025-10-21T09:42:42","modified_gmt":"2025-10-21T14:42:42","slug":"contactenos","status":"publish","type":"page","link":"https:\/\/simotor.co\/massey\/contactenos\/","title":{"rendered":"Cont\u00e1ctenos"},"content":{"rendered":"\t\t<div data-elementor-type=\"wp-page\" data-elementor-id=\"1217\" class=\"elementor elementor-1217\" data-elementor-post-type=\"page\">\n\t\t\t\t<div class=\"elementor-element elementor-element-b098cfa e-con-full e-flex e-con e-parent\" data-id=\"b098cfa\" data-element_type=\"container\" data-settings=\"{&quot;background_background&quot;:&quot;classic&quot;}\">\n\t\t\t\t<div class=\"elementor-element elementor-element-undefined-a2dd455 elementor-widget elementor-widget-heading\" data-id=\"undefined-a2dd455\" data-element_type=\"widget\" data-widget_type=\"heading.default\">\n\t\t\t\t<div class=\"elementor-widget-container\">\n\t\t\t\t\t<h2 class=\"elementor-heading-title elementor-size-default\">CONT\u00c1CTENOS<\/h2>\t\t\t\t<\/div>\n\t\t\t\t<\/div>\n\t\t\t\t<\/div>\n\t\t<div class=\"elementor-element elementor-element-undefined-356c43e e-con-full e-flex e-con e-parent\" data-id=\"undefined-356c43e\" data-element_type=\"container\">\n\t\t<div class=\"elementor-element elementor-element-undefined-6519b83 e-con-full e-flex e-con e-child\" data-id=\"undefined-6519b83\" data-element_type=\"container\">\n\t\t\t\t<div class=\"elementor-element elementor-element-undefined-1c81a3a elementor-widget elementor-widget-text-editor\" data-id=\"undefined-1c81a3a\" data-element_type=\"widget\" data-widget_type=\"text-editor.default\">\n\t\t\t\t<div class=\"elementor-widget-container\">\n\t\t\t\t\t\t\t\t\t<p>Cont\u00e1ctese con nosotros, d\u00e9jenos sus datos de contacto y a la brevedad un representante de la compa\u00f1\u00eda se pondr\u00e1 a disposici\u00f3n para conversar con usted y poder asistir su requerimiento.<\/p>\t\t\t\t\t\t\t\t<\/div>\n\t\t\t\t<\/div>\n\t\t\t\t<div class=\"elementor-element elementor-element-undefined-07e6037 elementor-button-align-start elementor-mobile-button-align-start elementor-widget elementor-widget-form\" data-id=\"undefined-07e6037\" data-element_type=\"widget\" data-settings=\"{&quot;step_next_label&quot;:&quot;Next&quot;,&quot;step_previous_label&quot;:&quot;Previous&quot;,&quot;button_width&quot;:&quot;100&quot;,&quot;step_type&quot;:&quot;number_text&quot;,&quot;step_icon_shape&quot;:&quot;circle&quot;}\" data-widget_type=\"form.default\">\n\t\t\t\t<div class=\"elementor-widget-container\">\n\t\t\t\t\t\t\t<form class=\"elementor-form\" method=\"post\" name=\"Contact Form\" aria-label=\"Contact Form\">\n\t\t\t<input type=\"hidden\" name=\"post_id\" value=\"1217\"\/>\n\t\t\t<input type=\"hidden\" name=\"form_id\" value=\"undefined-07e6037\"\/>\n\t\t\t<input type=\"hidden\" name=\"referer_title\" value=\"Cont\u00e1ctenos - Massey Ferguson SIMOTOR\" \/>\n\n\t\t\t\t\t\t\t<input type=\"hidden\" name=\"queried_id\" value=\"1217\"\/>\n\t\t\t\n\t\t\t<div class=\"elementor-form-fields-wrapper elementor-labels-above\">\n\t\t\t\t\t\t\t\t<div class=\"elementor-field-type-text elementor-field-group elementor-column elementor-field-group-name elementor-col-50\">\n\t\t\t\t\t\t\t\t\t\t\t\t<label for=\"form-field-name\" class=\"elementor-field-label\">\n\t\t\t\t\t\t\t\tNombre\t\t\t\t\t\t\t<\/label>\n\t\t\t\t\t\t\t\t\t\t\t\t\t\t<input size=\"1\" type=\"text\" name=\"form_fields[name]\" id=\"form-field-name\" class=\"elementor-field elementor-size-xs  elementor-field-textual\">\n\t\t\t\t\t\t\t\t\t\t\t<\/div>\n\t\t\t\t\t\t\t\t<div class=\"elementor-field-type-email elementor-field-group elementor-column elementor-field-group-email elementor-col-50 elementor-field-required elementor-mark-required\">\n\t\t\t\t\t\t\t\t\t\t\t\t<label for=\"form-field-email\" class=\"elementor-field-label\">\n\t\t\t\t\t\t\t\tEmail\t\t\t\t\t\t\t<\/label>\n\t\t\t\t\t\t\t\t\t\t\t\t\t\t<input size=\"1\" type=\"email\" name=\"form_fields[email]\" id=\"form-field-email\" class=\"elementor-field elementor-size-xs  elementor-field-textual\" required=\"required\">\n\t\t\t\t\t\t\t\t\t\t\t<\/div>\n\t\t\t\t\t\t\t\t<div class=\"elementor-field-type-number elementor-field-group elementor-column elementor-field-group-field_a47096b elementor-col-50 elementor-field-required elementor-mark-required\">\n\t\t\t\t\t\t\t\t\t\t\t\t<label for=\"form-field-field_a47096b\" class=\"elementor-field-label\">\n\t\t\t\t\t\t\t\tTel\u00e9fono\t\t\t\t\t\t\t<\/label>\n\t\t\t\t\t\t\t\t\t<input type=\"number\" name=\"form_fields[field_a47096b]\" id=\"form-field-field_a47096b\" class=\"elementor-field elementor-size-xs  elementor-field-textual\" required=\"required\" min=\"\" max=\"\" >\n\t\t\t\t\t\t<\/div>\n\t\t\t\t\t\t\t\t<div class=\"elementor-field-type-select elementor-field-group elementor-column elementor-field-group-field_4cf7846 elementor-col-50 elementor-field-required elementor-mark-required\">\n\t\t\t\t\t\t\t\t\t\t\t\t<label for=\"form-field-field_4cf7846\" class=\"elementor-field-label\">\n\t\t\t\t\t\t\t\tAsunto\t\t\t\t\t\t\t<\/label>\n\t\t\t\t\t\t\t\t<div class=\"elementor-field elementor-select-wrapper remove-before \">\n\t\t\t<div class=\"select-caret-down-wrapper\">\n\t\t\t\t<i aria-hidden=\"true\" class=\"eicon-caret-down\"><\/i>\t\t\t<\/div>\n\t\t\t<select name=\"form_fields[field_4cf7846]\" id=\"form-field-field_4cf7846\" class=\"elementor-field-textual elementor-size-xs\" required=\"required\">\n\t\t\t\t\t\t\t\t\t<option value=\"Elije tu consulta:\">Elije tu consulta:<\/option>\n\t\t\t\t\t\t\t\t\t<option value=\"Asesor\u00eda comercial\">Asesor\u00eda comercial<\/option>\n\t\t\t\t\t\t\t\t\t<option value=\"Servicio t\u00e9cnico especializado\">Servicio t\u00e9cnico especializado<\/option>\n\t\t\t\t\t\t\t\t\t<option value=\"Repuestos originales\">Repuestos originales<\/option>\n\t\t\t\t\t\t\t\t\t<option value=\"\"><\/option>\n\t\t\t\t\t\t\t<\/select>\n\t\t<\/div>\n\t\t\t\t\t\t<\/div>\n\t\t\t\t\t\t\t\t<div class=\"elementor-field-type-select elementor-field-group elementor-column elementor-field-group-field_7a19df9 elementor-col-100 elementor-field-required elementor-mark-required\">\n\t\t\t\t\t\t\t\t\t\t\t\t<label for=\"form-field-field_7a19df9\" class=\"elementor-field-label\">\n\t\t\t\t\t\t\t\tElije tu sede m\u00e1s cercana\t\t\t\t\t\t\t<\/label>\n\t\t\t\t\t\t\t\t<div class=\"elementor-field elementor-select-wrapper remove-before \">\n\t\t\t<div class=\"select-caret-down-wrapper\">\n\t\t\t\t<i aria-hidden=\"true\" class=\"eicon-caret-down\"><\/i>\t\t\t<\/div>\n\t\t\t<select name=\"form_fields[field_7a19df9]\" id=\"form-field-field_7a19df9\" class=\"elementor-field-textual elementor-size-xs\" required=\"required\">\n\t\t\t\t\t\t\t\t\t<option value=\"Elije tu sede m\u00e1s cercana:\">Elije tu sede m\u00e1s cercana:<\/option>\n\t\t\t\t\t\t\t\t\t<option value=\"Bucaramanga\">Bucaramanga<\/option>\n\t\t\t\t\t\t\t\t\t<option value=\"Cota\">Cota<\/option>\n\t\t\t\t\t\t\t\t\t<option value=\"El Espinal\">El Espinal<\/option>\n\t\t\t\t\t\t\t\t\t<option value=\"Ibagu\u00e9\">Ibagu\u00e9<\/option>\n\t\t\t\t\t\t\t\t\t<option value=\"Medell\u00edn\">Medell\u00edn<\/option>\n\t\t\t\t\t\t\t\t\t<option value=\"Neiva\">Neiva<\/option>\n\t\t\t\t\t\t\t\t\t<option value=\"Villavicencio\">Villavicencio<\/option>\n\t\t\t\t\t\t\t\t\t<option value=\"Yopal\">Yopal<\/option>\n\t\t\t\t\t\t\t\t\t<option value=\"Yumbo, Cali\">Yumbo, Cali<\/option>\n\t\t\t\t\t\t\t<\/select>\n\t\t<\/div>\n\t\t\t\t\t\t<\/div>\n\t\t\t\t\t\t\t\t<div class=\"elementor-field-type-textarea elementor-field-group elementor-column elementor-field-group-message elementor-col-100\">\n\t\t\t\t\t\t\t\t\t\t\t\t<label for=\"form-field-message\" class=\"elementor-field-label\">\n\t\t\t\t\t\t\t\tConsulta o mensaje\t\t\t\t\t\t\t<\/label>\n\t\t\t\t\t\t<textarea class=\"elementor-field-textual elementor-field  elementor-size-xs\" name=\"form_fields[message]\" id=\"form-field-message\" rows=\"4\" placeholder=\"Deja tu mensaje...\"><\/textarea>\t\t\t\t<\/div>\n\t\t\t\t\t\t\t\t<div class=\"elementor-field-group elementor-column elementor-field-type-submit elementor-col-100 e-form__buttons\">\n\t\t\t\t\t<button class=\"elementor-button elementor-size-sm\" type=\"submit\">\n\t\t\t\t\t\t<span class=\"elementor-button-content-wrapper\">\n\t\t\t\t\t\t\t\t\t\t\t\t\t\t\t\t\t\t\t\t\t\t<span class=\"elementor-button-text\">Enviar formulario<\/span>\n\t\t\t\t\t\t\t\t\t\t\t\t\t<\/span>\n\t\t\t\t\t<\/button>\n\t\t\t\t<\/div>\n\t\t\t<\/div>\n\t\t<\/form>\n\t\t\t\t\t\t<\/div>\n\t\t\t\t<\/div>\n\t\t\t\t<\/div>\n\t\t\t\t<\/div>\n\t\t\t\t<\/div>\n\t\t","protected":false},"excerpt":{"rendered":"<p>CONT\u00c1CTENOS Cont\u00e1ctese con nosotros, d\u00e9jenos sus datos de contacto y a la brevedad un representante de la compa\u00f1\u00eda se pondr\u00e1 a disposici\u00f3n para conversar con usted y poder asistir su requerimiento.<\/p>\n","protected":false},"author":4,"featured_media":0,"parent":0,"menu_order":0,"comment_status":"closed","ping_status":"closed","template":"","meta":{"_eb_attr":"","site-sidebar-layout":"no-sidebar","site-content-layout":"page-builder","ast-site-content-layout":"full-width-container","site-content-style":"default","site-sidebar-style":"default","ast-global-header-display":"","ast-banner-title-visibility":"","ast-main-header-display":"","ast-hfb-above-header-display":"","ast-hfb-below-header-display":"","ast-hfb-mobile-header-display":"","site-post-title":"disabled","ast-breadcrumbs-content":"","ast-featured-img":"disabled","footer-sml-layout":"","theme-transparent-header-meta":"","adv-header-id-meta":"","stick-header-meta":"","header-above-stick-meta":"","header-main-stick-meta":"","header-below-stick-meta":"","astra-migrate-meta-layouts":"set","ast-page-background-enabled":"default","ast-page-background-meta":{"desktop":{"background-color":"","background-image":"","background-repeat":"repeat","background-position":"center center","background-size":"auto","background-attachment":"scroll","background-type":"","background-media":"","overlay-type":"","overlay-color":"","overlay-opacity":"","overlay-gradient":""},"tablet":{"background-color":"","background-image":"","background-repeat":"repeat","background-position":"center center","background-size":"auto","background-attachment":"scroll","background-type":"","background-media":"","overlay-type":"","overlay-color":"","overlay-opacity":"","overlay-gradient":""},"mobile":{"background-color":"","background-image":"","background-repeat":"repeat","background-position":"center center","background-size":"auto","background-attachment":"scroll","background-type":"","background-media":"","overlay-type":"","overlay-color":"","overlay-opacity":"","overlay-gradient":""}},"ast-content-background-meta":{"desktop":{"background-color":"var(--ast-global-color-5)","background-image":"","background-repeat":"repeat","background-position":"center center","background-size":"auto","background-attachment":"scroll","background-type":"","background-media":"","overlay-type":"","overlay-color":"","overlay-opacity":"","overlay-gradient":""},"tablet":{"background-color":"var(--ast-global-color-5)","background-image":"","background-repeat":"repeat","background-position":"center center","background-size":"auto","background-attachment":"scroll","background-type":"","background-media":"","overlay-type":"","overlay-color":"","overlay-opacity":"","overlay-gradient":""},"mobile":{"background-color":"var(--ast-global-color-5)","background-image":"","background-repeat":"repeat","background-position":"center center","background-size":"auto","background-attachment":"scroll","background-type":"","background-media":"","overlay-type":"","overlay-color":"","overlay-opacity":"","overlay-gradient":""}},"footnotes":""},"class_list":["post-1217","page","type-page","status-publish","hentry"],"yoast_head":"<!-- This site is optimized with the Yoast SEO plugin v26.1.1 - https:\/\/yoast.com\/wordpress\/plugins\/seo\/ -->\n<title>Cont\u00e1ctenos - Massey Ferguson SIMOTOR<\/title>\n<meta name=\"robots\" content=\"index, follow, max-snippet:-1, max-image-preview:large, max-video-preview:-1\" \/>\n<link rel=\"canonical\" href=\"https:\/\/simotor.co\/massey\/contactenos\/\" \/>\n<meta property=\"og:locale\" content=\"es_ES\" \/>\n<meta property=\"og:type\" content=\"article\" \/>\n<meta property=\"og:title\" content=\"Cont\u00e1ctenos - Massey Ferguson SIMOTOR\" \/>\n<meta property=\"og:description\" content=\"CONT\u00c1CTENOS Cont\u00e1ctese con nosotros, d\u00e9jenos sus datos de contacto y a la brevedad un representante de la compa\u00f1\u00eda se pondr\u00e1 a disposici\u00f3n para conversar con usted y poder asistir su requerimiento.\" \/>\n<meta property=\"og:url\" content=\"https:\/\/simotor.co\/massey\/contactenos\/\" \/>\n<meta property=\"og:site_name\" content=\"Massey Ferguson SIMOTOR\" \/>\n<meta property=\"article:modified_time\" content=\"2025-10-21T14:42:42+00:00\" \/>\n<meta name=\"twitter:card\" content=\"summary_large_image\" \/>\n<meta name=\"twitter:label1\" content=\"Tiempo de lectura\" \/>\n\t<meta name=\"twitter:data1\" content=\"1 minuto\" \/>\n<script type=\"application\/ld+json\" class=\"yoast-schema-graph\">{\"@context\":\"https:\/\/schema.org\",\"@graph\":[{\"@type\":\"WebPage\",\"@id\":\"https:\/\/simotor.co\/massey\/contactenos\/\",\"url\":\"https:\/\/simotor.co\/massey\/contactenos\/\",\"name\":\"Cont\u00e1ctenos - Massey Ferguson SIMOTOR\",\"isPartOf\":{\"@id\":\"https:\/\/simotor.co\/massey\/#website\"},\"datePublished\":\"2024-02-06T03:03:59+00:00\",\"dateModified\":\"2025-10-21T14:42:42+00:00\",\"breadcrumb\":{\"@id\":\"https:\/\/simotor.co\/massey\/contactenos\/#breadcrumb\"},\"inLanguage\":\"es\",\"potentialAction\":[{\"@type\":\"ReadAction\",\"target\":[\"https:\/\/simotor.co\/massey\/contactenos\/\"]}]},{\"@type\":\"BreadcrumbList\",\"@id\":\"https:\/\/simotor.co\/massey\/contactenos\/#breadcrumb\",\"itemListElement\":[{\"@type\":\"ListItem\",\"position\":1,\"name\":\"Portada\",\"item\":\"https:\/\/simotor.co\/massey\/\"},{\"@type\":\"ListItem\",\"position\":2,\"name\":\"Cont\u00e1ctenos\"}]},{\"@type\":\"WebSite\",\"@id\":\"https:\/\/simotor.co\/massey\/#website\",\"url\":\"https:\/\/simotor.co\/massey\/\",\"name\":\"Massey Ferguson SIMOTOR\",\"description\":\"\",\"publisher\":{\"@id\":\"https:\/\/simotor.co\/massey\/#organization\"},\"potentialAction\":[{\"@type\":\"SearchAction\",\"target\":{\"@type\":\"EntryPoint\",\"urlTemplate\":\"https:\/\/simotor.co\/massey\/?s={search_term_string}\"},\"query-input\":{\"@type\":\"PropertyValueSpecification\",\"valueRequired\":true,\"valueName\":\"search_term_string\"}}],\"inLanguage\":\"es\"},{\"@type\":\"Organization\",\"@id\":\"https:\/\/simotor.co\/massey\/#organization\",\"name\":\"SIDA S.A. - Massey Ferguson\",\"url\":\"https:\/\/simotor.co\/massey\/\",\"logo\":{\"@type\":\"ImageObject\",\"inLanguage\":\"es\",\"@id\":\"https:\/\/simotor.co\/massey\/#\/schema\/logo\/image\/\",\"url\":\"https:\/\/sida-sas.com\/massey\/wp-content\/uploads\/2020\/05\/logo-massey-header.png\",\"contentUrl\":\"https:\/\/sida-sas.com\/massey\/wp-content\/uploads\/2020\/05\/logo-massey-header.png\",\"width\":136,\"height\":76,\"caption\":\"SIDA S.A. - Massey Ferguson\"},\"image\":{\"@id\":\"https:\/\/simotor.co\/massey\/#\/schema\/logo\/image\/\"}}]}<\/script>\n<!-- \/ Yoast SEO plugin. -->","yoast_head_json":{"title":"Cont\u00e1ctenos - Massey Ferguson SIMOTOR","robots":{"index":"index","follow":"follow","max-snippet":"max-snippet:-1","max-image-preview":"max-image-preview:large","max-video-preview":"max-video-preview:-1"},"canonical":"https:\/\/simotor.co\/massey\/contactenos\/","og_locale":"es_ES","og_type":"article","og_title":"Cont\u00e1ctenos - Massey Ferguson SIMOTOR","og_description":"CONT\u00c1CTENOS Cont\u00e1ctese con nosotros, d\u00e9jenos sus datos de contacto y a la brevedad un representante de la compa\u00f1\u00eda se pondr\u00e1 a disposici\u00f3n para conversar con usted y poder asistir su requerimiento.","og_url":"https:\/\/simotor.co\/massey\/contactenos\/","og_site_name":"Massey Ferguson SIMOTOR","article_modified_time":"2025-10-21T14:42:42+00:00","twitter_card":"summary_large_image","twitter_misc":{"Tiempo de lectura":"1 minuto"},"schema":{"@context":"https:\/\/schema.org","@graph":[{"@type":"WebPage","@id":"https:\/\/simotor.co\/massey\/contactenos\/","url":"https:\/\/simotor.co\/massey\/contactenos\/","name":"Cont\u00e1ctenos - Massey Ferguson SIMOTOR","isPartOf":{"@id":"https:\/\/simotor.co\/massey\/#website"},"datePublished":"2024-02-06T03:03:59+00:00","dateModified":"2025-10-21T14:42:42+00:00","breadcrumb":{"@id":"https:\/\/simotor.co\/massey\/contactenos\/#breadcrumb"},"inLanguage":"es","potentialAction":[{"@type":"ReadAction","target":["https:\/\/simotor.co\/massey\/contactenos\/"]}]},{"@type":"BreadcrumbList","@id":"https:\/\/simotor.co\/massey\/contactenos\/#breadcrumb","itemListElement":[{"@type":"ListItem","position":1,"name":"Portada","item":"https:\/\/simotor.co\/massey\/"},{"@type":"ListItem","position":2,"name":"Cont\u00e1ctenos"}]},{"@type":"WebSite","@id":"https:\/\/simotor.co\/massey\/#website","url":"https:\/\/simotor.co\/massey\/","name":"Massey Ferguson SIMOTOR","description":"","publisher":{"@id":"https:\/\/simotor.co\/massey\/#organization"},"potentialAction":[{"@type":"SearchAction","target":{"@type":"EntryPoint","urlTemplate":"https:\/\/simotor.co\/massey\/?s={search_term_string}"},"query-input":{"@type":"PropertyValueSpecification","valueRequired":true,"valueName":"search_term_string"}}],"inLanguage":"es"},{"@type":"Organization","@id":"https:\/\/simotor.co\/massey\/#organization","name":"SIDA S.A. - Massey Ferguson","url":"https:\/\/simotor.co\/massey\/","logo":{"@type":"ImageObject","inLanguage":"es","@id":"https:\/\/simotor.co\/massey\/#\/schema\/logo\/image\/","url":"https:\/\/sida-sas.com\/massey\/wp-content\/uploads\/2020\/05\/logo-massey-header.png","contentUrl":"https:\/\/sida-sas.com\/massey\/wp-content\/uploads\/2020\/05\/logo-massey-header.png","width":136,"height":76,"caption":"SIDA S.A. - Massey Ferguson"},"image":{"@id":"https:\/\/simotor.co\/massey\/#\/schema\/logo\/image\/"}}]}},"_links":{"self":[{"href":"https:\/\/simotor.co\/massey\/wp-json\/wp\/v2\/pages\/1217","targetHints":{"allow":["GET"]}}],"collection":[{"href":"https:\/\/simotor.co\/massey\/wp-json\/wp\/v2\/pages"}],"about":[{"href":"https:\/\/simotor.co\/massey\/wp-json\/wp\/v2\/types\/page"}],"author":[{"embeddable":true,"href":"https:\/\/simotor.co\/massey\/wp-json\/wp\/v2\/users\/4"}],"replies":[{"embeddable":true,"href":"https:\/\/simotor.co\/massey\/wp-json\/wp\/v2\/comments?post=1217"}],"version-history":[{"count":193,"href":"https:\/\/simotor.co\/massey\/wp-json\/wp\/v2\/pages\/1217\/revisions"}],"predecessor-version":[{"id":3711,"href":"https:\/\/simotor.co\/massey\/wp-json\/wp\/v2\/pages\/1217\/revisions\/3711"}],"wp:attachment":[{"href":"https:\/\/simotor.co\/massey\/wp-json\/wp\/v2\/media?parent=1217"}],"curies":[{"name":"wp","href":"https:\/\/api.w.org\/{rel}","templated":true}]}}