{"id":2243,"date":"2024-06-10T17:12:02","date_gmt":"2024-06-10T22:12:02","guid":{"rendered":"https:\/\/simotor.co\/massey\/?page_id=2243"},"modified":"2025-11-08T10:34:52","modified_gmt":"2025-11-08T15:34:52","slug":"postventa","status":"publish","type":"page","link":"https:\/\/simotor.co\/massey\/postventa\/","title":{"rendered":"POSVENTA"},"content":{"rendered":"\t\t<div data-elementor-type=\"wp-page\" data-elementor-id=\"2243\" class=\"elementor elementor-2243\" data-elementor-post-type=\"page\">\n\t\t\t\t<div class=\"elementor-element elementor-element-3607179 e-con-full e-flex e-con e-parent\" data-id=\"3607179\" data-element_type=\"container\" data-settings=\"{&quot;background_background&quot;:&quot;classic&quot;}\">\n\t\t\t\t<div class=\"elementor-element elementor-element-b0476b3 elementor-widget elementor-widget-heading\" data-id=\"b0476b3\" data-element_type=\"widget\" data-widget_type=\"heading.default\">\n\t\t\t\t<div class=\"elementor-widget-container\">\n\t\t\t\t\t<h2 class=\"elementor-heading-title elementor-size-default\">POSVENTA<\/h2>\t\t\t\t<\/div>\n\t\t\t\t<\/div>\n\t\t\t\t<\/div>\n\t\t<div class=\"elementor-element elementor-element-868171a e-con-full e-flex e-con e-parent\" data-id=\"868171a\" data-element_type=\"container\" data-settings=\"{&quot;background_background&quot;:&quot;slideshow&quot;,&quot;background_slideshow_gallery&quot;:[{&quot;id&quot;:630,&quot;url&quot;:&quot;https:\\\/\\\/simotor.co\\\/massey\\\/wp-content\\\/uploads\\\/2023\\\/09\\\/cropped-simotor-massey.png&quot;}],&quot;background_slideshow_loop&quot;:&quot;yes&quot;,&quot;background_slideshow_slide_duration&quot;:5000,&quot;background_slideshow_slide_transition&quot;:&quot;fade&quot;,&quot;background_slideshow_transition_duration&quot;:500}\">\n\t\t<div class=\"elementor-element elementor-element-d08e733 e-con-full e-flex e-con e-child\" data-id=\"d08e733\" data-element_type=\"container\">\n\t\t\t\t<div class=\"elementor-element elementor-element-0d60f23 elementor-widget elementor-widget-heading\" data-id=\"0d60f23\" data-element_type=\"widget\" data-widget_type=\"heading.default\">\n\t\t\t\t<div class=\"elementor-widget-container\">\n\t\t\t\t\t<h2 class=\"elementor-heading-title elementor-size-default\">Proteja su inversi\u00f3n y cuide sus m\u00e1quinas con servicio experto: Simotor<\/h2>\t\t\t\t<\/div>\n\t\t\t\t<\/div>\n\t\t\t\t<div class=\"elementor-element elementor-element-fead71a elementor-widget elementor-widget-text-editor\" data-id=\"fead71a\" data-element_type=\"widget\" data-widget_type=\"text-editor.default\">\n\t\t\t\t<div class=\"elementor-widget-container\">\n\t\t\t\t\t\t\t\t\t<p>La elecci\u00f3n del original es la \u00fanica opci\u00f3n. La amplia gama de productos y servicios de calidad disponibles en su concesionario Simotor Massey\u00a0Ferguson, le garantizan que somos la mejor opci\u00f3n.<\/p>\t\t\t\t\t\t\t\t<\/div>\n\t\t\t\t<\/div>\n\t\t\t\t<div class=\"elementor-element elementor-element-5c31dda elementor-widget elementor-widget-heading\" data-id=\"5c31dda\" data-element_type=\"widget\" data-widget_type=\"heading.default\">\n\t\t\t\t<div class=\"elementor-widget-container\">\n\t\t\t\t\t<h2 class=\"elementor-heading-title elementor-size-default\">SERVICIOS DE MANTENIMIENTO Y REPARACI\u00d3N<\/h2>\t\t\t\t<\/div>\n\t\t\t\t<\/div>\n\t\t\t\t<div class=\"elementor-element elementor-element-5d6441e elementor-widget elementor-widget-text-editor\" data-id=\"5d6441e\" data-element_type=\"widget\" data-widget_type=\"text-editor.default\">\n\t\t\t\t<div class=\"elementor-widget-container\">\n\t\t\t\t\t\t\t\t\t<p><strong>Simotor <\/strong>es el distribuidor autorizado <strong>Massey Ferguson<\/strong> m\u00e1s grande en Colombia. Cuenta con un total de 9 sedes en diferentes puntos del pa\u00eds. El personal de mec\u00e1nica especializada est\u00e1 certificado por f\u00e1brica.<\/p>\t\t\t\t\t\t\t\t<\/div>\n\t\t\t\t<\/div>\n\t\t\t\t<div class=\"elementor-element elementor-element-0b750b8 elementor-button-info elementor-align-center elementor-widget elementor-widget-button\" data-id=\"0b750b8\" data-element_type=\"widget\" data-widget_type=\"button.default\">\n\t\t\t\t<div class=\"elementor-widget-container\">\n\t\t\t\t\t\t\t\t\t<div class=\"elementor-button-wrapper\">\n\t\t\t\t\t<a class=\"elementor-button elementor-button-link elementor-size-sm\" href=\"#elementor-action%3Aaction%3Dpopup%3Aopen%26settings%3DeyJpZCI6IjI5ODMiLCJ0b2dnbGUiOmZhbHNlfQ%3D%3D\">\n\t\t\t\t\t\t<span class=\"elementor-button-content-wrapper\">\n\t\t\t\t\t\t\t\t\t<span class=\"elementor-button-text\">SOLICITAR COTIZACI\u00d3N PARA REPUESTOS<\/span>\n\t\t\t\t\t<\/span>\n\t\t\t\t\t<\/a>\n\t\t\t\t<\/div>\n\t\t\t\t\t\t\t\t<\/div>\n\t\t\t\t<\/div>\n\t\t\t\t<\/div>\n\t\t\t\t<\/div>\n\t\t<div class=\"elementor-element elementor-element-ce03c7f e-con-full e-flex e-con e-parent\" data-id=\"ce03c7f\" data-element_type=\"container\" data-settings=\"{&quot;background_background&quot;:&quot;classic&quot;}\">\n\t\t<div class=\"elementor-element elementor-element-febba5e e-grid e-con-boxed e-con e-child\" data-id=\"febba5e\" data-element_type=\"container\">\n\t\t\t\t\t<div class=\"e-con-inner\">\n\t\t\t\t<div class=\"elementor-element elementor-element-5d8c785 elementor-widget elementor-widget-text-editor\" data-id=\"5d8c785\" data-element_type=\"widget\" data-widget_type=\"text-editor.default\">\n\t\t\t\t<div class=\"elementor-widget-container\">\n\t\t\t\t\t\t\t\t\t<h4 class=\"h5\"><strong>REPUESTOS ORIGINALES<\/strong><\/h4><p>Los repuestos originales\u00a0<strong>Massey Ferguson<\/strong>\u00a0se han dise\u00f1ado y desarrollado siguiendo criterios estrictos de fabricaci\u00f3n basados en las caracter\u00edsticas t\u00e9cnicas y constructivas de los productos de la marca. La materia prima utilizada en la fabricaci\u00f3n de piezas y el almacenamiento atraviesan por un riguroso proceso de calidad para asegurar que la pieza no pierda sus fortalezas de seguridad, durabilidad, productividad y rendimiento compatible con los est\u00e1ndares requeridos a nivel mundial. Adem\u00e1s, todos los proveedores de Massey Ferguson tienen la\u00a0<strong>certificaci\u00f3n ISO 9001<\/strong>\u00a0y los profesionales Massey Ferguson y distribuidores en los mercados extranjeros pasan por un programa de capacitaci\u00f3n t\u00e9cnica de repuestos de\u00a0<a href=\"https:\/\/apb.agcocorp.com\/\">AGCO Parts<\/a>.<\/p>\t\t\t\t\t\t\t\t<\/div>\n\t\t\t\t<\/div>\n\t\t\t\t<div class=\"elementor-element elementor-element-01c8db0 elementor-button-info elementor-widget elementor-widget-button\" data-id=\"01c8db0\" data-element_type=\"widget\" data-widget_type=\"button.default\">\n\t\t\t\t<div class=\"elementor-widget-container\">\n\t\t\t\t\t\t\t\t\t<div class=\"elementor-button-wrapper\">\n\t\t\t\t\t<a class=\"elementor-button elementor-button-link elementor-size-sm\" href=\"#elementor-action%3Aaction%3Dpopup%3Aopen%26settings%3DeyJpZCI6IjI5ODMiLCJ0b2dnbGUiOmZhbHNlfQ%3D%3D\">\n\t\t\t\t\t\t<span class=\"elementor-button-content-wrapper\">\n\t\t\t\t\t\t<span class=\"elementor-button-icon\">\n\t\t\t\t<i aria-hidden=\"true\" class=\"fas fa-mail-bulk\"><\/i>\t\t\t<\/span>\n\t\t\t\t\t\t\t\t\t<span class=\"elementor-button-text\">AGENDAR UNA CITA EN EL TALLER<\/span>\n\t\t\t\t\t<\/span>\n\t\t\t\t\t<\/a>\n\t\t\t\t<\/div>\n\t\t\t\t\t\t\t\t<\/div>\n\t\t\t\t<\/div>\n\t\t\t\t\t<\/div>\n\t\t\t\t<\/div>\n\t\t\t\t<\/div>\n\t\t\t\t<\/div>\n\t\t","protected":false},"excerpt":{"rendered":"<p>POSVENTA Proteja su inversi\u00f3n y cuide sus m\u00e1quinas con servicio experto: Simotor La elecci\u00f3n del original es la \u00fanica opci\u00f3n. La amplia gama de productos y servicios de calidad disponibles en su concesionario Simotor Massey\u00a0Ferguson, le garantizan que somos la mejor opci\u00f3n. SERVICIOS DE MANTENIMIENTO Y REPARACI\u00d3N Simotor es el distribuidor autorizado Massey Ferguson m\u00e1s [&hellip;]<\/p>\n","protected":false},"author":4,"featured_media":0,"parent":0,"menu_order":0,"comment_status":"closed","ping_status":"closed","template":"","meta":{"_eb_attr":"","site-sidebar-layout":"no-sidebar","site-content-layout":"page-builder","ast-site-content-layout":"full-width-container","site-content-style":"default","site-sidebar-style":"default","ast-global-header-display":"","ast-banner-title-visibility":"","ast-main-header-display":"","ast-hfb-above-header-display":"","ast-hfb-below-header-display":"","ast-hfb-mobile-header-display":"","site-post-title":"disabled","ast-breadcrumbs-content":"","ast-featured-img":"disabled","footer-sml-layout":"","theme-transparent-header-meta":"","adv-header-id-meta":"","stick-header-meta":"","header-above-stick-meta":"","header-main-stick-meta":"","header-below-stick-meta":"","astra-migrate-meta-layouts":"set","ast-page-background-enabled":"default","ast-page-background-meta":{"desktop":{"background-color":"","background-image":"","background-repeat":"repeat","background-position":"center center","background-size":"auto","background-attachment":"scroll","background-type":"","background-media":"","overlay-type":"","overlay-color":"","overlay-opacity":"","overlay-gradient":""},"tablet":{"background-color":"","background-image":"","background-repeat":"repeat","background-position":"center center","background-size":"auto","background-attachment":"scroll","background-type":"","background-media":"","overlay-type":"","overlay-color":"","overlay-opacity":"","overlay-gradient":""},"mobile":{"background-color":"","background-image":"","background-repeat":"repeat","background-position":"center center","background-size":"auto","background-attachment":"scroll","background-type":"","background-media":"","overlay-type":"","overlay-color":"","overlay-opacity":"","overlay-gradient":""}},"ast-content-background-meta":{"desktop":{"background-color":"var(--ast-global-color-5)","background-image":"","background-repeat":"repeat","background-position":"center center","background-size":"auto","background-attachment":"scroll","background-type":"","background-media":"","overlay-type":"","overlay-color":"","overlay-opacity":"","overlay-gradient":""},"tablet":{"background-color":"var(--ast-global-color-5)","background-image":"","background-repeat":"repeat","background-position":"center center","background-size":"auto","background-attachment":"scroll","background-type":"","background-media":"","overlay-type":"","overlay-color":"","overlay-opacity":"","overlay-gradient":""},"mobile":{"background-color":"var(--ast-global-color-5)","background-image":"","background-repeat":"repeat","background-position":"center center","background-size":"auto","background-attachment":"scroll","background-type":"","background-media":"","overlay-type":"","overlay-color":"","overlay-opacity":"","overlay-gradient":""}},"footnotes":""},"class_list":["post-2243","page","type-page","status-publish","hentry"],"yoast_head":"<!-- This site is optimized with the Yoast SEO plugin v26.1.1 - https:\/\/yoast.com\/wordpress\/plugins\/seo\/ -->\n<title>POSVENTA - Massey Ferguson SIMOTOR<\/title>\n<meta name=\"robots\" content=\"index, follow, max-snippet:-1, max-image-preview:large, max-video-preview:-1\" \/>\n<link rel=\"canonical\" href=\"https:\/\/simotor.co\/massey\/postventa\/\" \/>\n<meta property=\"og:locale\" content=\"es_ES\" \/>\n<meta property=\"og:type\" content=\"article\" \/>\n<meta property=\"og:title\" content=\"POSVENTA - Massey Ferguson SIMOTOR\" \/>\n<meta property=\"og:description\" content=\"POSVENTA Proteja su inversi\u00f3n y cuide sus m\u00e1quinas con servicio experto: Simotor La elecci\u00f3n del original es la \u00fanica opci\u00f3n. La amplia gama de productos y servicios de calidad disponibles en su concesionario Simotor Massey\u00a0Ferguson, le garantizan que somos la mejor opci\u00f3n. SERVICIOS DE MANTENIMIENTO Y REPARACI\u00d3N Simotor es el distribuidor autorizado Massey Ferguson m\u00e1s [&hellip;]\" \/>\n<meta property=\"og:url\" content=\"https:\/\/simotor.co\/massey\/postventa\/\" \/>\n<meta property=\"og:site_name\" content=\"Massey Ferguson SIMOTOR\" \/>\n<meta property=\"article:modified_time\" content=\"2025-11-08T15:34:52+00:00\" \/>\n<meta name=\"twitter:card\" content=\"summary_large_image\" \/>\n<meta name=\"twitter:label1\" content=\"Tiempo de lectura\" \/>\n\t<meta name=\"twitter:data1\" content=\"1 minuto\" \/>\n<script type=\"application\/ld+json\" class=\"yoast-schema-graph\">{\"@context\":\"https:\/\/schema.org\",\"@graph\":[{\"@type\":\"WebPage\",\"@id\":\"https:\/\/simotor.co\/massey\/postventa\/\",\"url\":\"https:\/\/simotor.co\/massey\/postventa\/\",\"name\":\"POSVENTA - Massey Ferguson SIMOTOR\",\"isPartOf\":{\"@id\":\"https:\/\/simotor.co\/massey\/#website\"},\"datePublished\":\"2024-06-10T22:12:02+00:00\",\"dateModified\":\"2025-11-08T15:34:52+00:00\",\"breadcrumb\":{\"@id\":\"https:\/\/simotor.co\/massey\/postventa\/#breadcrumb\"},\"inLanguage\":\"es\",\"potentialAction\":[{\"@type\":\"ReadAction\",\"target\":[\"https:\/\/simotor.co\/massey\/postventa\/\"]}]},{\"@type\":\"BreadcrumbList\",\"@id\":\"https:\/\/simotor.co\/massey\/postventa\/#breadcrumb\",\"itemListElement\":[{\"@type\":\"ListItem\",\"position\":1,\"name\":\"Portada\",\"item\":\"https:\/\/simotor.co\/massey\/\"},{\"@type\":\"ListItem\",\"position\":2,\"name\":\"POSVENTA\"}]},{\"@type\":\"WebSite\",\"@id\":\"https:\/\/simotor.co\/massey\/#website\",\"url\":\"https:\/\/simotor.co\/massey\/\",\"name\":\"Massey Ferguson SIMOTOR\",\"description\":\"\",\"publisher\":{\"@id\":\"https:\/\/simotor.co\/massey\/#organization\"},\"potentialAction\":[{\"@type\":\"SearchAction\",\"target\":{\"@type\":\"EntryPoint\",\"urlTemplate\":\"https:\/\/simotor.co\/massey\/?s={search_term_string}\"},\"query-input\":{\"@type\":\"PropertyValueSpecification\",\"valueRequired\":true,\"valueName\":\"search_term_string\"}}],\"inLanguage\":\"es\"},{\"@type\":\"Organization\",\"@id\":\"https:\/\/simotor.co\/massey\/#organization\",\"name\":\"SIDA S.A. - Massey Ferguson\",\"url\":\"https:\/\/simotor.co\/massey\/\",\"logo\":{\"@type\":\"ImageObject\",\"inLanguage\":\"es\",\"@id\":\"https:\/\/simotor.co\/massey\/#\/schema\/logo\/image\/\",\"url\":\"https:\/\/sida-sas.com\/massey\/wp-content\/uploads\/2020\/05\/logo-massey-header.png\",\"contentUrl\":\"https:\/\/sida-sas.com\/massey\/wp-content\/uploads\/2020\/05\/logo-massey-header.png\",\"width\":136,\"height\":76,\"caption\":\"SIDA S.A. - Massey Ferguson\"},\"image\":{\"@id\":\"https:\/\/simotor.co\/massey\/#\/schema\/logo\/image\/\"}}]}<\/script>\n<!-- \/ Yoast SEO plugin. -->","yoast_head_json":{"title":"POSVENTA - Massey Ferguson SIMOTOR","robots":{"index":"index","follow":"follow","max-snippet":"max-snippet:-1","max-image-preview":"max-image-preview:large","max-video-preview":"max-video-preview:-1"},"canonical":"https:\/\/simotor.co\/massey\/postventa\/","og_locale":"es_ES","og_type":"article","og_title":"POSVENTA - Massey Ferguson SIMOTOR","og_description":"POSVENTA Proteja su inversi\u00f3n y cuide sus m\u00e1quinas con servicio experto: Simotor La elecci\u00f3n del original es la \u00fanica opci\u00f3n. La amplia gama de productos y servicios de calidad disponibles en su concesionario Simotor Massey\u00a0Ferguson, le garantizan que somos la mejor opci\u00f3n. SERVICIOS DE MANTENIMIENTO Y REPARACI\u00d3N Simotor es el distribuidor autorizado Massey Ferguson m\u00e1s [&hellip;]","og_url":"https:\/\/simotor.co\/massey\/postventa\/","og_site_name":"Massey Ferguson SIMOTOR","article_modified_time":"2025-11-08T15:34:52+00:00","twitter_card":"summary_large_image","twitter_misc":{"Tiempo de lectura":"1 minuto"},"schema":{"@context":"https:\/\/schema.org","@graph":[{"@type":"WebPage","@id":"https:\/\/simotor.co\/massey\/postventa\/","url":"https:\/\/simotor.co\/massey\/postventa\/","name":"POSVENTA - Massey Ferguson SIMOTOR","isPartOf":{"@id":"https:\/\/simotor.co\/massey\/#website"},"datePublished":"2024-06-10T22:12:02+00:00","dateModified":"2025-11-08T15:34:52+00:00","breadcrumb":{"@id":"https:\/\/simotor.co\/massey\/postventa\/#breadcrumb"},"inLanguage":"es","potentialAction":[{"@type":"ReadAction","target":["https:\/\/simotor.co\/massey\/postventa\/"]}]},{"@type":"BreadcrumbList","@id":"https:\/\/simotor.co\/massey\/postventa\/#breadcrumb","itemListElement":[{"@type":"ListItem","position":1,"name":"Portada","item":"https:\/\/simotor.co\/massey\/"},{"@type":"ListItem","position":2,"name":"POSVENTA"}]},{"@type":"WebSite","@id":"https:\/\/simotor.co\/massey\/#website","url":"https:\/\/simotor.co\/massey\/","name":"Massey Ferguson SIMOTOR","description":"","publisher":{"@id":"https:\/\/simotor.co\/massey\/#organization"},"potentialAction":[{"@type":"SearchAction","target":{"@type":"EntryPoint","urlTemplate":"https:\/\/simotor.co\/massey\/?s={search_term_string}"},"query-input":{"@type":"PropertyValueSpecification","valueRequired":true,"valueName":"search_term_string"}}],"inLanguage":"es"},{"@type":"Organization","@id":"https:\/\/simotor.co\/massey\/#organization","name":"SIDA S.A. - Massey Ferguson","url":"https:\/\/simotor.co\/massey\/","logo":{"@type":"ImageObject","inLanguage":"es","@id":"https:\/\/simotor.co\/massey\/#\/schema\/logo\/image\/","url":"https:\/\/sida-sas.com\/massey\/wp-content\/uploads\/2020\/05\/logo-massey-header.png","contentUrl":"https:\/\/sida-sas.com\/massey\/wp-content\/uploads\/2020\/05\/logo-massey-header.png","width":136,"height":76,"caption":"SIDA S.A. - Massey Ferguson"},"image":{"@id":"https:\/\/simotor.co\/massey\/#\/schema\/logo\/image\/"}}]}},"_links":{"self":[{"href":"https:\/\/simotor.co\/massey\/wp-json\/wp\/v2\/pages\/2243","targetHints":{"allow":["GET"]}}],"collection":[{"href":"https:\/\/simotor.co\/massey\/wp-json\/wp\/v2\/pages"}],"about":[{"href":"https:\/\/simotor.co\/massey\/wp-json\/wp\/v2\/types\/page"}],"author":[{"embeddable":true,"href":"https:\/\/simotor.co\/massey\/wp-json\/wp\/v2\/users\/4"}],"replies":[{"embeddable":true,"href":"https:\/\/simotor.co\/massey\/wp-json\/wp\/v2\/comments?post=2243"}],"version-history":[{"count":201,"href":"https:\/\/simotor.co\/massey\/wp-json\/wp\/v2\/pages\/2243\/revisions"}],"predecessor-version":[{"id":3790,"href":"https:\/\/simotor.co\/massey\/wp-json\/wp\/v2\/pages\/2243\/revisions\/3790"}],"wp:attachment":[{"href":"https:\/\/simotor.co\/massey\/wp-json\/wp\/v2\/media?parent=2243"}],"curies":[{"name":"wp","href":"https:\/\/api.w.org\/{rel}","templated":true}]}}