{"id":3271,"date":"2024-09-18T11:38:16","date_gmt":"2024-09-18T16:38:16","guid":{"rendered":"https:\/\/simotor.co\/massey\/?page_id=3271"},"modified":"2025-11-01T08:31:59","modified_gmt":"2025-11-01T13:31:59","slug":"blog","status":"publish","type":"page","link":"https:\/\/simotor.co\/massey\/blog\/","title":{"rendered":"Blog"},"content":{"rendered":"\t\t<div data-elementor-type=\"wp-page\" data-elementor-id=\"3271\" class=\"elementor elementor-3271\" data-elementor-post-type=\"page\">\n\t\t\t\t<div class=\"elementor-element elementor-element-4ca0861 e-flex e-con-boxed e-con e-parent\" data-id=\"4ca0861\" data-element_type=\"container\">\n\t\t\t\t\t<div class=\"e-con-inner\">\n\t\t\t\t<div class=\"elementor-element elementor-element-76bc409 elementor-widget elementor-widget-heading\" data-id=\"76bc409\" data-element_type=\"widget\" data-widget_type=\"heading.default\">\n\t\t\t\t<div class=\"elementor-widget-container\">\n\t\t\t\t\t<h2 class=\"elementor-heading-title elementor-size-default\">BLOG<\/h2>\t\t\t\t<\/div>\n\t\t\t\t<\/div>\n\t\t\t\t<div class=\"elementor-element elementor-element-a064aab elementor-widget elementor-widget-text-editor\" data-id=\"a064aab\" data-element_type=\"widget\" data-widget_type=\"text-editor.default\">\n\t\t\t\t<div class=\"elementor-widget-container\">\n\t\t\t\t\t\t\t\t\t<p>\u00a1Bienvenidos a nuestro blog! En Simotor, nos enorgullece ser el concesionario l\u00edder de Massey Ferguson en Colombia y queremos que t\u00fa seas parte de nuestro crecimiento. Con 71 a\u00f1os de experiencia y una reciente expansi\u00f3n a nueve sedes en todo el pa\u00eds, estamos m\u00e1s dedicados que nunca a apoyar el sector agropecuario.<\/p><p>Te invitamos a explorar nuestro blog, donde compartiremos las \u00faltimas noticias, innovaciones en maquinaria agr\u00edcola, consejos pr\u00e1cticos para optimizar tus cultivos y mucho m\u00e1s. Aqu\u00ed encontrar\u00e1s contenido valioso que te ayudar\u00e1 a aprovechar al m\u00e1ximo nuestras soluciones y a estar al d\u00eda con las tendencias del campo.<\/p>\t\t\t\t\t\t\t\t<\/div>\n\t\t\t\t<\/div>\n\t\t\t\t<div class=\"elementor-element elementor-element-f849537 elementor-grid-eael-col-4 elementor-grid-tablet-eael-col-2 elementor-grid-mobile-eael-col-1 elementor-widget elementor-widget-eael-post-grid\" data-id=\"f849537\" data-element_type=\"widget\" data-settings=\"{&quot;eael_post_grid_columns&quot;:&quot;eael-col-4&quot;,&quot;eael_post_grid_columns_tablet&quot;:&quot;eael-col-2&quot;,&quot;eael_post_grid_columns_mobile&quot;:&quot;eael-col-1&quot;}\" data-widget_type=\"eael-post-grid.default\">\n\t\t\t\t<div class=\"elementor-widget-container\">\n\t\t\t\t\t<div id=\"eael-post-grid-f849537\" class=\"eael-post-grid-container\">\n            <div class=\"eael-post-grid eael-post-appender eael-post-appender-f849537 eael-post-grid-style-two\" data-layout-mode=\"masonry\"><article class=\"eael-grid-post eael-post-grid-column\" data-id=\"1781\">\n    <div class=\"eael-grid-post-holder\">\n        <div class=\"eael-grid-post-holder-inner\"><div class=\"eael-entry-media\"><div class=\"eael-entry-overlay fade-in\"><i class=\"fas fa-long-arrow-alt-right\" aria-hidden=\"true\"><\/i><a href=\"https:\/\/simotor.co\/massey\/massey-ferguson\/\"><\/a><\/div><div class=\"eael-entry-thumbnail eael-image-ratio\">\n                            <img fetchpriority=\"high\" decoding=\"async\" width=\"300\" height=\"225\" src=\"https:\/\/simotor.co\/massey\/wp-content\/uploads\/2025\/10\/bde4f7e6-4b83-40f4-98b2-f2a98a9e88c7-300x225.jpeg\" class=\"attachment-medium size-medium wp-image-3649\" alt=\"\" srcset=\"https:\/\/simotor.co\/massey\/wp-content\/uploads\/2025\/10\/bde4f7e6-4b83-40f4-98b2-f2a98a9e88c7-300x225.jpeg 300w, https:\/\/simotor.co\/massey\/wp-content\/uploads\/2025\/10\/bde4f7e6-4b83-40f4-98b2-f2a98a9e88c7-1024x768.jpeg 1024w, https:\/\/simotor.co\/massey\/wp-content\/uploads\/2025\/10\/bde4f7e6-4b83-40f4-98b2-f2a98a9e88c7-768x576.jpeg 768w, https:\/\/simotor.co\/massey\/wp-content\/uploads\/2025\/10\/bde4f7e6-4b83-40f4-98b2-f2a98a9e88c7-1536x1152.jpeg 1536w, https:\/\/simotor.co\/massey\/wp-content\/uploads\/2025\/10\/bde4f7e6-4b83-40f4-98b2-f2a98a9e88c7-2048x1536.jpeg 2048w, https:\/\/simotor.co\/massey\/wp-content\/uploads\/2025\/10\/bde4f7e6-4b83-40f4-98b2-f2a98a9e88c7-600x450.jpeg 600w\" sizes=\"(max-width: 300px) 100vw, 300px\" \/>\n                            <\/div>\n                    <\/div><div class=\"eael-entry-wrapper\"><header class=\"eael-entry-header\"><h2 class=\"eael-entry-title\"><a class=\"eael-grid-post-link\" href=\"https:\/\/simotor.co\/massey\/massey-ferguson\/\" title=\"El \u00e9xito de Massey Ferguson por Agroexpo 2025.\">El \u00e9xito de Massey Ferguson por Agroexpo 2025.<\/a><\/h2><\/header><div class=\"eael-entry-content\">\n                                <div class=\"eael-grid-post-excerpt\"><p>El \u00e9xito de Massey Ferguson por Agroexpo 2025. Massey Ferguson...<\/p><a href=\"https:\/\/simotor.co\/massey\/massey-ferguson\/\" class=\"eael-post-elements-readmore-btn\">Leer m\u00e1s<\/a><\/div>\n                            <\/div><div class=\"eael-entry-header-after style-two\"><div class=\"eael-entry-meta\"><span class=\"eael-meta-posted-on\"><i class=\"far fa-clock\"><\/i><time datetime=\"octubre 20, 2025\">octubre 20, 2025<\/time><\/span><\/div><\/div><\/div><\/div>\n    <\/div>\n<\/article><article class=\"eael-grid-post eael-post-grid-column\" data-id=\"1620\">\n    <div class=\"eael-grid-post-holder\">\n        <div class=\"eael-grid-post-holder-inner\"><div class=\"eael-entry-media\"><div class=\"eael-entry-overlay fade-in\"><i class=\"fas fa-long-arrow-alt-right\" aria-hidden=\"true\"><\/i><a href=\"https:\/\/simotor.co\/massey\/simotor-el-concesionario-massey-ferguson-mas-grande-del-pais-a-su-maxima-potencia\/\"><\/a><\/div><div class=\"eael-entry-thumbnail eael-image-ratio\">\n                            <img decoding=\"async\" width=\"176\" height=\"300\" src=\"https:\/\/simotor.co\/massey\/wp-content\/uploads\/2025\/10\/1aec3540-9fb4-443d-a177-2d55339ae3c5-1-176x300.jpeg\" class=\"attachment-medium size-medium wp-image-3701\" alt=\"\" srcset=\"https:\/\/simotor.co\/massey\/wp-content\/uploads\/2025\/10\/1aec3540-9fb4-443d-a177-2d55339ae3c5-1-176x300.jpeg 176w, https:\/\/simotor.co\/massey\/wp-content\/uploads\/2025\/10\/1aec3540-9fb4-443d-a177-2d55339ae3c5-1.jpeg 542w\" sizes=\"(max-width: 176px) 100vw, 176px\" \/>\n                            <\/div>\n                    <\/div><div class=\"eael-entry-wrapper\"><header class=\"eael-entry-header\"><h2 class=\"eael-entry-title\"><a class=\"eael-grid-post-link\" href=\"https:\/\/simotor.co\/massey\/simotor-el-concesionario-massey-ferguson-mas-grande-del-pais-a-su-maxima-potencia\/\" title=\"Massey Ferguson expande sus operaciones con nueva sede en Caucasia\">Massey Ferguson expande sus operaciones con nueva sede en Caucasia<\/a><\/h2><\/header><div class=\"eael-entry-content\">\n                                <div class=\"eael-grid-post-excerpt\"><p>Massey Ferguson expande sus operaciones con nueva sede en Caucasia....<\/p><a href=\"https:\/\/simotor.co\/massey\/simotor-el-concesionario-massey-ferguson-mas-grande-del-pais-a-su-maxima-potencia\/\" class=\"eael-post-elements-readmore-btn\">Leer m\u00e1s<\/a><\/div>\n                            <\/div><div class=\"eael-entry-header-after style-two\"><div class=\"eael-entry-meta\"><span class=\"eael-meta-posted-on\"><i class=\"far fa-clock\"><\/i><time datetime=\"agosto 20, 2025\">agosto 20, 2025<\/time><\/span><\/div><\/div><\/div><\/div>\n    <\/div>\n<\/article><article class=\"eael-grid-post eael-post-grid-column\" data-id=\"1624\">\n    <div class=\"eael-grid-post-holder\">\n        <div class=\"eael-grid-post-holder-inner\"><div class=\"eael-entry-media\"><div class=\"eael-entry-overlay fade-in\"><i class=\"fas fa-long-arrow-alt-right\" aria-hidden=\"true\"><\/i><a href=\"https:\/\/simotor.co\/massey\/diferenciacion-tecnica-de-los-tractores-massey-ferguson-en-el-mercado-nacional\/\"><\/a><\/div><div class=\"eael-entry-thumbnail eael-image-ratio\">\n                            <img decoding=\"async\" width=\"300\" height=\"226\" src=\"https:\/\/simotor.co\/massey\/wp-content\/uploads\/2025\/10\/438f39c0-f99f-483f-8fc7-7fb85ab5857d-300x226.jpeg\" class=\"attachment-medium size-medium wp-image-3668\" alt=\"\" srcset=\"https:\/\/simotor.co\/massey\/wp-content\/uploads\/2025\/10\/438f39c0-f99f-483f-8fc7-7fb85ab5857d-300x226.jpeg 300w, https:\/\/simotor.co\/massey\/wp-content\/uploads\/2025\/10\/438f39c0-f99f-483f-8fc7-7fb85ab5857d-1024x771.jpeg 1024w, https:\/\/simotor.co\/massey\/wp-content\/uploads\/2025\/10\/438f39c0-f99f-483f-8fc7-7fb85ab5857d-768x578.jpeg 768w, https:\/\/simotor.co\/massey\/wp-content\/uploads\/2025\/10\/438f39c0-f99f-483f-8fc7-7fb85ab5857d-1536x1156.jpeg 1536w, https:\/\/simotor.co\/massey\/wp-content\/uploads\/2025\/10\/438f39c0-f99f-483f-8fc7-7fb85ab5857d-600x452.jpeg 600w, https:\/\/simotor.co\/massey\/wp-content\/uploads\/2025\/10\/438f39c0-f99f-483f-8fc7-7fb85ab5857d.jpeg 1600w\" sizes=\"(max-width: 300px) 100vw, 300px\" \/>\n                            <\/div>\n                    <\/div><div class=\"eael-entry-wrapper\"><header class=\"eael-entry-header\"><h2 class=\"eael-entry-title\"><a class=\"eael-grid-post-link\" href=\"https:\/\/simotor.co\/massey\/diferenciacion-tecnica-de-los-tractores-massey-ferguson-en-el-mercado-nacional\/\" title=\"El campo y el f\u00fatbol se unen: Massey Ferguson &#8211; Simotor junto al Deportes Tolima.\">El campo y el f\u00fatbol se unen: Massey Ferguson &#8211; Simotor junto al Deportes Tolima.<\/a><\/h2><\/header><div class=\"eael-entry-content\">\n                                <div class=\"eael-grid-post-excerpt\"><p>El campo y el f\u00fatbol se unen: Massey Ferguson &#8211;...<\/p><a href=\"https:\/\/simotor.co\/massey\/diferenciacion-tecnica-de-los-tractores-massey-ferguson-en-el-mercado-nacional\/\" class=\"eael-post-elements-readmore-btn\">Leer m\u00e1s<\/a><\/div>\n                            <\/div><div class=\"eael-entry-header-after style-two\"><div class=\"eael-entry-meta\"><span class=\"eael-meta-posted-on\"><i class=\"far fa-clock\"><\/i><time datetime=\"enero 20, 2025\">enero 20, 2025<\/time><\/span><\/div><\/div><\/div><\/div>\n    <\/div>\n<\/article><article class=\"eael-grid-post eael-post-grid-column\" data-id=\"1784\">\n    <div class=\"eael-grid-post-holder\">\n        <div class=\"eael-grid-post-holder-inner\"><div class=\"eael-entry-media\"><div class=\"eael-entry-overlay fade-in\"><i class=\"fas fa-long-arrow-alt-right\" aria-hidden=\"true\"><\/i><a href=\"https:\/\/simotor.co\/massey\/massey\/\"><\/a><\/div><div class=\"eael-entry-thumbnail eael-image-ratio\">\n                            <img loading=\"lazy\" decoding=\"async\" width=\"300\" height=\"154\" src=\"https:\/\/simotor.co\/massey\/wp-content\/uploads\/2024\/04\/Imagen1-300x154.jpg\" class=\"attachment-medium size-medium wp-image-1512\" alt=\"\" srcset=\"https:\/\/simotor.co\/massey\/wp-content\/uploads\/2024\/04\/Imagen1-300x154.jpg 300w, https:\/\/simotor.co\/massey\/wp-content\/uploads\/2024\/04\/Imagen1.jpg 589w\" sizes=\"(max-width: 300px) 100vw, 300px\" \/>\n                            <\/div>\n                    <\/div><div class=\"eael-entry-wrapper\"><header class=\"eael-entry-header\"><h2 class=\"eael-entry-title\"><a class=\"eael-grid-post-link\" href=\"https:\/\/simotor.co\/massey\/massey\/\" title=\"Simotor: el concesionario Massey Ferguson m\u00e1s grande del pa\u00eds, a su m\u00e1xima potencia.\">Simotor: el concesionario Massey Ferguson m\u00e1s grande del pa\u00eds, a su m\u00e1xima potencia.<\/a><\/h2><\/header><div class=\"eael-entry-content\">\n                                <div class=\"eael-grid-post-excerpt\"><p>Simotor: el concesionario Massey Ferguson m\u00e1s grande del pa\u00eds, a...<\/p><a href=\"https:\/\/simotor.co\/massey\/massey\/\" class=\"eael-post-elements-readmore-btn\">Leer m\u00e1s<\/a><\/div>\n                            <\/div><div class=\"eael-entry-header-after style-two\"><div class=\"eael-entry-meta\"><span class=\"eael-meta-posted-on\"><i class=\"far fa-clock\"><\/i><time datetime=\"julio 26, 2022\">julio 26, 2022<\/time><\/span><\/div><\/div><\/div><\/div>\n    <\/div>\n<\/article><\/div>\n            <div class=\"clearfix\"><\/div>\n        <\/div>\t\t\t\t<\/div>\n\t\t\t\t<\/div>\n\t\t\t\t\t<\/div>\n\t\t\t\t<\/div>\n\t\t\t\t<\/div>\n\t\t","protected":false},"excerpt":{"rendered":"<p>BLOG \u00a1Bienvenidos a nuestro blog! En Simotor, nos enorgullece ser el concesionario l\u00edder de Massey Ferguson en Colombia y queremos que t\u00fa seas parte de nuestro crecimiento. Con 71 a\u00f1os de experiencia y una reciente expansi\u00f3n a nueve sedes en todo el pa\u00eds, estamos m\u00e1s dedicados que nunca a apoyar el sector agropecuario. Te invitamos [&hellip;]<\/p>\n","protected":false},"author":4,"featured_media":0,"parent":0,"menu_order":0,"comment_status":"closed","ping_status":"closed","template":"","meta":{"_eb_attr":"","site-sidebar-layout":"no-sidebar","site-content-layout":"page-builder","ast-site-content-layout":"full-width-container","site-content-style":"default","site-sidebar-style":"default","ast-global-header-display":"","ast-banner-title-visibility":"","ast-main-header-display":"","ast-hfb-above-header-display":"","ast-hfb-below-header-display":"","ast-hfb-mobile-header-display":"","site-post-title":"disabled","ast-breadcrumbs-content":"","ast-featured-img":"disabled","footer-sml-layout":"","theme-transparent-header-meta":"","adv-header-id-meta":"","stick-header-meta":"","header-above-stick-meta":"","header-main-stick-meta":"","header-below-stick-meta":"","astra-migrate-meta-layouts":"set","ast-page-background-enabled":"default","ast-page-background-meta":{"desktop":{"background-color":"","background-image":"","background-repeat":"repeat","background-position":"center center","background-size":"auto","background-attachment":"scroll","background-type":"","background-media":"","overlay-type":"","overlay-color":"","overlay-opacity":"","overlay-gradient":""},"tablet":{"background-color":"","background-image":"","background-repeat":"repeat","background-position":"center center","background-size":"auto","background-attachment":"scroll","background-type":"","background-media":"","overlay-type":"","overlay-color":"","overlay-opacity":"","overlay-gradient":""},"mobile":{"background-color":"","background-image":"","background-repeat":"repeat","background-position":"center center","background-size":"auto","background-attachment":"scroll","background-type":"","background-media":"","overlay-type":"","overlay-color":"","overlay-opacity":"","overlay-gradient":""}},"ast-content-background-meta":{"desktop":{"background-color":"var(--ast-global-color-5)","background-image":"","background-repeat":"repeat","background-position":"center center","background-size":"auto","background-attachment":"scroll","background-type":"","background-media":"","overlay-type":"","overlay-color":"","overlay-opacity":"","overlay-gradient":""},"tablet":{"background-color":"var(--ast-global-color-5)","background-image":"","background-repeat":"repeat","background-position":"center center","background-size":"auto","background-attachment":"scroll","background-type":"","background-media":"","overlay-type":"","overlay-color":"","overlay-opacity":"","overlay-gradient":""},"mobile":{"background-color":"var(--ast-global-color-5)","background-image":"","background-repeat":"repeat","background-position":"center center","background-size":"auto","background-attachment":"scroll","background-type":"","background-media":"","overlay-type":"","overlay-color":"","overlay-opacity":"","overlay-gradient":""}},"footnotes":""},"class_list":["post-3271","page","type-page","status-publish","hentry"],"yoast_head":"<!-- This site is optimized with the Yoast SEO plugin v26.1.1 - https:\/\/yoast.com\/wordpress\/plugins\/seo\/ -->\n<title>Blog - Massey Ferguson SIMOTOR<\/title>\n<meta name=\"robots\" content=\"index, follow, max-snippet:-1, max-image-preview:large, max-video-preview:-1\" \/>\n<link rel=\"canonical\" href=\"https:\/\/simotor.co\/massey\/blog\/\" \/>\n<meta property=\"og:locale\" content=\"es_ES\" \/>\n<meta property=\"og:type\" content=\"article\" \/>\n<meta property=\"og:title\" content=\"Blog - Massey Ferguson SIMOTOR\" \/>\n<meta property=\"og:description\" content=\"BLOG \u00a1Bienvenidos a nuestro blog! En Simotor, nos enorgullece ser el concesionario l\u00edder de Massey Ferguson en Colombia y queremos que t\u00fa seas parte de nuestro crecimiento. Con 71 a\u00f1os de experiencia y una reciente expansi\u00f3n a nueve sedes en todo el pa\u00eds, estamos m\u00e1s dedicados que nunca a apoyar el sector agropecuario. Te invitamos [&hellip;]\" \/>\n<meta property=\"og:url\" content=\"https:\/\/simotor.co\/massey\/blog\/\" \/>\n<meta property=\"og:site_name\" content=\"Massey Ferguson SIMOTOR\" \/>\n<meta property=\"article:modified_time\" content=\"2025-11-01T13:31:59+00:00\" \/>\n<meta property=\"og:image\" content=\"https:\/\/simotor.co\/massey\/wp-content\/uploads\/2025\/10\/bde4f7e6-4b83-40f4-98b2-f2a98a9e88c7-scaled.jpeg\" \/>\n\t<meta property=\"og:image:width\" content=\"2560\" \/>\n\t<meta property=\"og:image:height\" content=\"1920\" \/>\n\t<meta property=\"og:image:type\" content=\"image\/jpeg\" \/>\n<meta name=\"twitter:card\" content=\"summary_large_image\" \/>\n<meta name=\"twitter:label1\" content=\"Tiempo de lectura\" \/>\n\t<meta name=\"twitter:data1\" content=\"2 minutos\" \/>\n<script type=\"application\/ld+json\" class=\"yoast-schema-graph\">{\"@context\":\"https:\/\/schema.org\",\"@graph\":[{\"@type\":\"WebPage\",\"@id\":\"https:\/\/simotor.co\/massey\/blog\/\",\"url\":\"https:\/\/simotor.co\/massey\/blog\/\",\"name\":\"Blog - Massey Ferguson SIMOTOR\",\"isPartOf\":{\"@id\":\"https:\/\/simotor.co\/massey\/#website\"},\"primaryImageOfPage\":{\"@id\":\"https:\/\/simotor.co\/massey\/blog\/#primaryimage\"},\"image\":{\"@id\":\"https:\/\/simotor.co\/massey\/blog\/#primaryimage\"},\"thumbnailUrl\":\"https:\/\/simotor.co\/massey\/wp-content\/uploads\/2025\/10\/bde4f7e6-4b83-40f4-98b2-f2a98a9e88c7-300x225.jpeg\",\"datePublished\":\"2024-09-18T16:38:16+00:00\",\"dateModified\":\"2025-11-01T13:31:59+00:00\",\"breadcrumb\":{\"@id\":\"https:\/\/simotor.co\/massey\/blog\/#breadcrumb\"},\"inLanguage\":\"es\",\"potentialAction\":[{\"@type\":\"ReadAction\",\"target\":[\"https:\/\/simotor.co\/massey\/blog\/\"]}]},{\"@type\":\"ImageObject\",\"inLanguage\":\"es\",\"@id\":\"https:\/\/simotor.co\/massey\/blog\/#primaryimage\",\"url\":\"https:\/\/simotor.co\/massey\/wp-content\/uploads\/2025\/10\/bde4f7e6-4b83-40f4-98b2-f2a98a9e88c7-scaled.jpeg\",\"contentUrl\":\"https:\/\/simotor.co\/massey\/wp-content\/uploads\/2025\/10\/bde4f7e6-4b83-40f4-98b2-f2a98a9e88c7-scaled.jpeg\",\"width\":2560,\"height\":1920},{\"@type\":\"BreadcrumbList\",\"@id\":\"https:\/\/simotor.co\/massey\/blog\/#breadcrumb\",\"itemListElement\":[{\"@type\":\"ListItem\",\"position\":1,\"name\":\"Portada\",\"item\":\"https:\/\/simotor.co\/massey\/\"},{\"@type\":\"ListItem\",\"position\":2,\"name\":\"Blog\"}]},{\"@type\":\"WebSite\",\"@id\":\"https:\/\/simotor.co\/massey\/#website\",\"url\":\"https:\/\/simotor.co\/massey\/\",\"name\":\"Massey Ferguson SIMOTOR\",\"description\":\"\",\"publisher\":{\"@id\":\"https:\/\/simotor.co\/massey\/#organization\"},\"potentialAction\":[{\"@type\":\"SearchAction\",\"target\":{\"@type\":\"EntryPoint\",\"urlTemplate\":\"https:\/\/simotor.co\/massey\/?s={search_term_string}\"},\"query-input\":{\"@type\":\"PropertyValueSpecification\",\"valueRequired\":true,\"valueName\":\"search_term_string\"}}],\"inLanguage\":\"es\"},{\"@type\":\"Organization\",\"@id\":\"https:\/\/simotor.co\/massey\/#organization\",\"name\":\"SIDA S.A. - Massey Ferguson\",\"url\":\"https:\/\/simotor.co\/massey\/\",\"logo\":{\"@type\":\"ImageObject\",\"inLanguage\":\"es\",\"@id\":\"https:\/\/simotor.co\/massey\/#\/schema\/logo\/image\/\",\"url\":\"https:\/\/sida-sas.com\/massey\/wp-content\/uploads\/2020\/05\/logo-massey-header.png\",\"contentUrl\":\"https:\/\/sida-sas.com\/massey\/wp-content\/uploads\/2020\/05\/logo-massey-header.png\",\"width\":136,\"height\":76,\"caption\":\"SIDA S.A. - Massey Ferguson\"},\"image\":{\"@id\":\"https:\/\/simotor.co\/massey\/#\/schema\/logo\/image\/\"}}]}<\/script>\n<!-- \/ Yoast SEO plugin. -->","yoast_head_json":{"title":"Blog - Massey Ferguson SIMOTOR","robots":{"index":"index","follow":"follow","max-snippet":"max-snippet:-1","max-image-preview":"max-image-preview:large","max-video-preview":"max-video-preview:-1"},"canonical":"https:\/\/simotor.co\/massey\/blog\/","og_locale":"es_ES","og_type":"article","og_title":"Blog - Massey Ferguson SIMOTOR","og_description":"BLOG \u00a1Bienvenidos a nuestro blog! En Simotor, nos enorgullece ser el concesionario l\u00edder de Massey Ferguson en Colombia y queremos que t\u00fa seas parte de nuestro crecimiento. Con 71 a\u00f1os de experiencia y una reciente expansi\u00f3n a nueve sedes en todo el pa\u00eds, estamos m\u00e1s dedicados que nunca a apoyar el sector agropecuario. Te invitamos [&hellip;]","og_url":"https:\/\/simotor.co\/massey\/blog\/","og_site_name":"Massey Ferguson SIMOTOR","article_modified_time":"2025-11-01T13:31:59+00:00","og_image":[{"width":2560,"height":1920,"url":"https:\/\/simotor.co\/massey\/wp-content\/uploads\/2025\/10\/bde4f7e6-4b83-40f4-98b2-f2a98a9e88c7-scaled.jpeg","type":"image\/jpeg"}],"twitter_card":"summary_large_image","twitter_misc":{"Tiempo de lectura":"2 minutos"},"schema":{"@context":"https:\/\/schema.org","@graph":[{"@type":"WebPage","@id":"https:\/\/simotor.co\/massey\/blog\/","url":"https:\/\/simotor.co\/massey\/blog\/","name":"Blog - Massey Ferguson SIMOTOR","isPartOf":{"@id":"https:\/\/simotor.co\/massey\/#website"},"primaryImageOfPage":{"@id":"https:\/\/simotor.co\/massey\/blog\/#primaryimage"},"image":{"@id":"https:\/\/simotor.co\/massey\/blog\/#primaryimage"},"thumbnailUrl":"https:\/\/simotor.co\/massey\/wp-content\/uploads\/2025\/10\/bde4f7e6-4b83-40f4-98b2-f2a98a9e88c7-300x225.jpeg","datePublished":"2024-09-18T16:38:16+00:00","dateModified":"2025-11-01T13:31:59+00:00","breadcrumb":{"@id":"https:\/\/simotor.co\/massey\/blog\/#breadcrumb"},"inLanguage":"es","potentialAction":[{"@type":"ReadAction","target":["https:\/\/simotor.co\/massey\/blog\/"]}]},{"@type":"ImageObject","inLanguage":"es","@id":"https:\/\/simotor.co\/massey\/blog\/#primaryimage","url":"https:\/\/simotor.co\/massey\/wp-content\/uploads\/2025\/10\/bde4f7e6-4b83-40f4-98b2-f2a98a9e88c7-scaled.jpeg","contentUrl":"https:\/\/simotor.co\/massey\/wp-content\/uploads\/2025\/10\/bde4f7e6-4b83-40f4-98b2-f2a98a9e88c7-scaled.jpeg","width":2560,"height":1920},{"@type":"BreadcrumbList","@id":"https:\/\/simotor.co\/massey\/blog\/#breadcrumb","itemListElement":[{"@type":"ListItem","position":1,"name":"Portada","item":"https:\/\/simotor.co\/massey\/"},{"@type":"ListItem","position":2,"name":"Blog"}]},{"@type":"WebSite","@id":"https:\/\/simotor.co\/massey\/#website","url":"https:\/\/simotor.co\/massey\/","name":"Massey Ferguson SIMOTOR","description":"","publisher":{"@id":"https:\/\/simotor.co\/massey\/#organization"},"potentialAction":[{"@type":"SearchAction","target":{"@type":"EntryPoint","urlTemplate":"https:\/\/simotor.co\/massey\/?s={search_term_string}"},"query-input":{"@type":"PropertyValueSpecification","valueRequired":true,"valueName":"search_term_string"}}],"inLanguage":"es"},{"@type":"Organization","@id":"https:\/\/simotor.co\/massey\/#organization","name":"SIDA S.A. - Massey Ferguson","url":"https:\/\/simotor.co\/massey\/","logo":{"@type":"ImageObject","inLanguage":"es","@id":"https:\/\/simotor.co\/massey\/#\/schema\/logo\/image\/","url":"https:\/\/sida-sas.com\/massey\/wp-content\/uploads\/2020\/05\/logo-massey-header.png","contentUrl":"https:\/\/sida-sas.com\/massey\/wp-content\/uploads\/2020\/05\/logo-massey-header.png","width":136,"height":76,"caption":"SIDA S.A. - Massey Ferguson"},"image":{"@id":"https:\/\/simotor.co\/massey\/#\/schema\/logo\/image\/"}}]}},"_links":{"self":[{"href":"https:\/\/simotor.co\/massey\/wp-json\/wp\/v2\/pages\/3271","targetHints":{"allow":["GET"]}}],"collection":[{"href":"https:\/\/simotor.co\/massey\/wp-json\/wp\/v2\/pages"}],"about":[{"href":"https:\/\/simotor.co\/massey\/wp-json\/wp\/v2\/types\/page"}],"author":[{"embeddable":true,"href":"https:\/\/simotor.co\/massey\/wp-json\/wp\/v2\/users\/4"}],"replies":[{"embeddable":true,"href":"https:\/\/simotor.co\/massey\/wp-json\/wp\/v2\/comments?post=3271"}],"version-history":[{"count":32,"href":"https:\/\/simotor.co\/massey\/wp-json\/wp\/v2\/pages\/3271\/revisions"}],"predecessor-version":[{"id":3782,"href":"https:\/\/simotor.co\/massey\/wp-json\/wp\/v2\/pages\/3271\/revisions\/3782"}],"wp:attachment":[{"href":"https:\/\/simotor.co\/massey\/wp-json\/wp\/v2\/media?parent=3271"}],"curies":[{"name":"wp","href":"https:\/\/api.w.org\/{rel}","templated":true}]}}