{"id":83,"date":"2020-06-16T15:55:59","date_gmt":"2020-06-16T15:55:59","guid":{"rendered":"https:\/\/sida-sas.com\/massey\/?page_id=83"},"modified":"2020-06-16T14:59:32","modified_gmt":"2020-06-16T19:59:32","slug":"manuales-del-operador","status":"publish","type":"page","link":"https:\/\/simotor.co\/massey\/manuales-del-operador\/","title":{"rendered":"Manuales del Operador"},"content":{"rendered":"\t\t<div data-elementor-type=\"wp-page\" data-elementor-id=\"83\" class=\"elementor elementor-83\" data-elementor-post-type=\"page\">\n\t\t\t\t\t\t<section class=\"elementor-section elementor-top-section elementor-element elementor-element-0839bd2 elementor-section-boxed elementor-section-height-default elementor-section-height-default\" data-id=\"0839bd2\" data-element_type=\"section\">\n\t\t\t\t\t\t<div class=\"elementor-container elementor-column-gap-default\">\n\t\t\t\t\t<div class=\"elementor-column elementor-col-100 elementor-top-column elementor-element elementor-element-daba208\" data-id=\"daba208\" data-element_type=\"column\">\n\t\t\t<div class=\"elementor-widget-wrap elementor-element-populated\">\n\t\t\t\t\t\t<div class=\"elementor-element elementor-element-1dded19 elementor-widget elementor-widget-heading\" data-id=\"1dded19\" data-element_type=\"widget\" data-widget_type=\"heading.default\">\n\t\t\t\t<div class=\"elementor-widget-container\">\n\t\t\t\t\t<h2 class=\"elementor-heading-title elementor-size-default\">MANUALES DEL OPERADOR<\/h2>\t\t\t\t<\/div>\n\t\t\t\t<\/div>\n\t\t\t\t\t<\/div>\n\t\t<\/div>\n\t\t\t\t\t<\/div>\n\t\t<\/section>\n\t\t\t\t<section class=\"elementor-section elementor-top-section elementor-element elementor-element-9c2c54b elementor-section-boxed elementor-section-height-default elementor-section-height-default\" data-id=\"9c2c54b\" data-element_type=\"section\">\n\t\t\t\t\t\t<div class=\"elementor-container elementor-column-gap-default\">\n\t\t\t\t\t<div class=\"elementor-column elementor-col-100 elementor-top-column elementor-element elementor-element-13ab4e0\" data-id=\"13ab4e0\" data-element_type=\"column\">\n\t\t\t<div class=\"elementor-widget-wrap elementor-element-populated\">\n\t\t\t\t\t\t<div class=\"elementor-element elementor-element-ec2f7cc elementor-widget elementor-widget-text-editor\" data-id=\"ec2f7cc\" data-element_type=\"widget\" data-widget_type=\"text-editor.default\">\n\t\t\t\t<div class=\"elementor-widget-container\">\n\t\t\t\t\t\t\t\t\t<p>Los manuales del operador le permitir\u00e1n acceder a toda la informaci\u00f3n que usted necesita para que su maquinaria trabaje con su m\u00e1ximo potencial. Despliegue la lista y encuentre los manuales disponibles ON-LINE.<\/p>\t\t\t\t\t\t\t\t<\/div>\n\t\t\t\t<\/div>\n\t\t\t\t\t<\/div>\n\t\t<\/div>\n\t\t\t\t\t<\/div>\n\t\t<\/section>\n\t\t\t\t<section class=\"elementor-section elementor-top-section elementor-element elementor-element-7bb8454 elementor-section-boxed elementor-section-height-default elementor-section-height-default\" data-id=\"7bb8454\" data-element_type=\"section\">\n\t\t\t\t\t\t<div class=\"elementor-container elementor-column-gap-default\">\n\t\t\t\t\t<div class=\"elementor-column elementor-col-100 elementor-top-column elementor-element elementor-element-c6e7a9a\" data-id=\"c6e7a9a\" data-element_type=\"column\">\n\t\t\t<div class=\"elementor-widget-wrap elementor-element-populated\">\n\t\t\t\t\t\t<div class=\"elementor-element elementor-element-5d059a7 elementor-widget elementor-widget-accordion\" data-id=\"5d059a7\" data-element_type=\"widget\" data-widget_type=\"accordion.default\">\n\t\t\t\t<div class=\"elementor-widget-container\">\n\t\t\t\t\t\t\t<div class=\"elementor-accordion\">\n\t\t\t\t\t\t\t<div class=\"elementor-accordion-item\">\n\t\t\t\t\t<div id=\"elementor-tab-title-9751\" class=\"elementor-tab-title\" data-tab=\"1\" role=\"button\" aria-controls=\"elementor-tab-content-9751\" aria-expanded=\"false\">\n\t\t\t\t\t\t\t\t\t\t\t\t\t<span class=\"elementor-accordion-icon elementor-accordion-icon-left\" aria-hidden=\"true\">\n\t\t\t\t\t\t\t\t\t\t\t\t\t\t\t<span class=\"elementor-accordion-icon-closed\"><i class=\"fas fa-plus\"><\/i><\/span>\n\t\t\t\t\t\t\t\t<span class=\"elementor-accordion-icon-opened\"><i class=\"fas fa-minus\"><\/i><\/span>\n\t\t\t\t\t\t\t\t\t\t\t\t\t\t<\/span>\n\t\t\t\t\t\t\t\t\t\t\t\t<a class=\"elementor-accordion-title\" tabindex=\"0\">Cosechadoras <\/a>\n\t\t\t\t\t<\/div>\n\t\t\t\t\t<div id=\"elementor-tab-content-9751\" class=\"elementor-tab-content elementor-clearfix\" data-tab=\"1\" role=\"region\" aria-labelledby=\"elementor-tab-title-9751\"><h5><a href=\"https:\/\/sida-sas.com\/massey\/wp-content\/uploads\/2020\/06\/FOE-MF-5690-baixa.pdf\" target=\"_blank\" rel=\"noopener\">Cosechadora MF 5690<\/a><\/h5><p>\u00a0<\/p><\/div>\n\t\t\t\t<\/div>\n\t\t\t\t\t\t\t<div class=\"elementor-accordion-item\">\n\t\t\t\t\t<div id=\"elementor-tab-title-9752\" class=\"elementor-tab-title\" data-tab=\"2\" role=\"button\" aria-controls=\"elementor-tab-content-9752\" aria-expanded=\"false\">\n\t\t\t\t\t\t\t\t\t\t\t\t\t<span class=\"elementor-accordion-icon elementor-accordion-icon-left\" aria-hidden=\"true\">\n\t\t\t\t\t\t\t\t\t\t\t\t\t\t\t<span class=\"elementor-accordion-icon-closed\"><i class=\"fas fa-plus\"><\/i><\/span>\n\t\t\t\t\t\t\t\t<span class=\"elementor-accordion-icon-opened\"><i class=\"fas fa-minus\"><\/i><\/span>\n\t\t\t\t\t\t\t\t\t\t\t\t\t\t<\/span>\n\t\t\t\t\t\t\t\t\t\t\t\t<a class=\"elementor-accordion-title\" tabindex=\"0\">Tractores<\/a>\n\t\t\t\t\t<\/div>\n\t\t\t\t\t<div id=\"elementor-tab-content-9752\" class=\"elementor-tab-content elementor-clearfix\" data-tab=\"2\" role=\"region\" aria-labelledby=\"elementor-tab-title-9752\"><h5><a href=\"https:\/\/sida-sas.com\/massey\/wp-content\/uploads\/2020\/06\/MF2615.pdf\" target=\"_blank\" rel=\"noopener\">Tractor Serie MF 2615<\/a><\/h5>\n<h5><a href=\"https:\/\/sida-sas.com\/massey\/wp-content\/uploads\/2020\/06\/MF-2635.pdf\" target=\"_blank\" rel=\"noopener\">Tractor Serie MF 2635<\/a><\/h5>\n<h5><a href=\"https:\/\/sida-sas.com\/massey\/wp-content\/uploads\/2020\/06\/Super-290.pdf\" target=\"_blank\" rel=\"noopener\">Tractor Serie MF 290<\/a><\/h5>\n<h5><a href=\"https:\/\/sida-sas.com\/massey\/wp-content\/uploads\/2020\/06\/Super-291.pdf\" target=\"_blank\" rel=\"noopener\">Tractor Serie MF 291<\/a><\/h5>\n<h5><a href=\"https:\/\/sida-sas.com\/massey\/wp-content\/uploads\/2020\/06\/Tractor-MF6711.pdf\" target=\"_blank\" rel=\"noopener\">Tractor Serie MF 6711<\/a><\/h5>\n<h5><a href=\"https:\/\/sida-sas.com\/massey\/wp-content\/uploads\/2020\/06\/Tractor-MF6712.pdf\" target=\"_blank\" rel=\"noopener\">Tractor Serie MF 6712<\/a><\/h5>\n<h5><a href=\"https:\/\/sida-sas.com\/massey\/wp-content\/uploads\/2020\/06\/Tractor-MF6713.pdf\" target=\"_blank\" rel=\"noopener\">Tractor Serie MF 6713<\/a><\/h5>\n<h5><a href=\"https:\/\/sida-sas.com\/massey\/wp-content\/uploads\/2020\/06\/MF-7150-BAIXA-FOE.pdf\" target=\"_blank\" rel=\"noopener\">Tractor Serie MF 7150<\/a><\/h5>\n<h5><a href=\"https:\/\/sida-sas.com\/massey\/wp-content\/uploads\/2020\/06\/Especial-Florestal-MF-7180-BAIXA-FOE.pdf\" target=\"_blank\" rel=\"noopener\">Tractor Serie MF 7180<\/a><\/h5><\/div>\n\t\t\t\t<\/div>\n\t\t\t\t\t\t\t<div class=\"elementor-accordion-item\">\n\t\t\t\t\t<div id=\"elementor-tab-title-9753\" class=\"elementor-tab-title\" data-tab=\"3\" role=\"button\" aria-controls=\"elementor-tab-content-9753\" aria-expanded=\"false\">\n\t\t\t\t\t\t\t\t\t\t\t\t\t<span class=\"elementor-accordion-icon elementor-accordion-icon-left\" aria-hidden=\"true\">\n\t\t\t\t\t\t\t\t\t\t\t\t\t\t\t<span class=\"elementor-accordion-icon-closed\"><i class=\"fas fa-plus\"><\/i><\/span>\n\t\t\t\t\t\t\t\t<span class=\"elementor-accordion-icon-opened\"><i class=\"fas fa-minus\"><\/i><\/span>\n\t\t\t\t\t\t\t\t\t\t\t\t\t\t<\/span>\n\t\t\t\t\t\t\t\t\t\t\t\t<a class=\"elementor-accordion-title\" tabindex=\"0\">Sembradoras<\/a>\n\t\t\t\t\t<\/div>\n\t\t\t\t\t<div id=\"elementor-tab-content-9753\" class=\"elementor-tab-content elementor-clearfix\" data-tab=\"3\" role=\"region\" aria-labelledby=\"elementor-tab-title-9753\"><h5><a href=\"https:\/\/sida-sas.com\/massey\/wp-content\/uploads\/2020\/06\/MF-320-BAIXA-FOE.pdf\" target=\"_blank\" rel=\"noopener\">Sembradora MF 320<\/a><\/h5><\/div>\n\t\t\t\t<\/div>\n\t\t\t\t\t\t\t\t<\/div>\n\t\t\t\t\t\t<\/div>\n\t\t\t\t<\/div>\n\t\t\t\t\t<\/div>\n\t\t<\/div>\n\t\t\t\t\t<\/div>\n\t\t<\/section>\n\t\t\t\t<\/div>\n\t\t","protected":false},"excerpt":{"rendered":"<p>MANUALES DEL OPERADOR Los manuales del operador le permitir\u00e1n acceder a toda la informaci\u00f3n que usted necesita para que su maquinaria trabaje con su m\u00e1ximo potencial. Despliegue la lista y encuentre los manuales disponibles ON-LINE. Cosechadoras Cosechadora MF 5690 \u00a0 Tractores Tractor Serie MF 2615 Tractor Serie MF 2635 Tractor Serie MF 290 Tractor Serie [&hellip;]<\/p>\n","protected":false},"author":4,"featured_media":0,"parent":0,"menu_order":0,"comment_status":"closed","ping_status":"closed","template":"","meta":{"_eb_attr":"","site-sidebar-layout":"no-sidebar","site-content-layout":"page-builder","ast-site-content-layout":"default","site-content-style":"default","site-sidebar-style":"default","ast-global-header-display":"","ast-banner-title-visibility":"","ast-main-header-display":"","ast-hfb-above-header-display":"","ast-hfb-below-header-display":"","ast-hfb-mobile-header-display":"","site-post-title":"disabled","ast-breadcrumbs-content":"","ast-featured-img":"disabled","footer-sml-layout":"","theme-transparent-header-meta":"default","adv-header-id-meta":"","stick-header-meta":"default","header-above-stick-meta":"","header-main-stick-meta":"","header-below-stick-meta":"","astra-migrate-meta-layouts":"default","ast-page-background-enabled":"default","ast-page-background-meta":{"desktop":{"background-color":"","background-image":"","background-repeat":"repeat","background-position":"center center","background-size":"auto","background-attachment":"scroll","background-type":"","background-media":"","overlay-type":"","overlay-color":"","overlay-opacity":"","overlay-gradient":""},"tablet":{"background-color":"","background-image":"","background-repeat":"repeat","background-position":"center center","background-size":"auto","background-attachment":"scroll","background-type":"","background-media":"","overlay-type":"","overlay-color":"","overlay-opacity":"","overlay-gradient":""},"mobile":{"background-color":"","background-image":"","background-repeat":"repeat","background-position":"center center","background-size":"auto","background-attachment":"scroll","background-type":"","background-media":"","overlay-type":"","overlay-color":"","overlay-opacity":"","overlay-gradient":""}},"ast-content-background-meta":{"desktop":{"background-color":"var(--ast-global-color-5)","background-image":"","background-repeat":"repeat","background-position":"center center","background-size":"auto","background-attachment":"scroll","background-type":"","background-media":"","overlay-type":"","overlay-color":"","overlay-opacity":"","overlay-gradient":""},"tablet":{"background-color":"var(--ast-global-color-5)","background-image":"","background-repeat":"repeat","background-position":"center center","background-size":"auto","background-attachment":"scroll","background-type":"","background-media":"","overlay-type":"","overlay-color":"","overlay-opacity":"","overlay-gradient":""},"mobile":{"background-color":"var(--ast-global-color-5)","background-image":"","background-repeat":"repeat","background-position":"center center","background-size":"auto","background-attachment":"scroll","background-type":"","background-media":"","overlay-type":"","overlay-color":"","overlay-opacity":"","overlay-gradient":""}},"footnotes":""},"class_list":["post-83","page","type-page","status-publish","hentry"],"yoast_head":"<!-- This site is optimized with the Yoast SEO plugin v26.1.1 - https:\/\/yoast.com\/wordpress\/plugins\/seo\/ -->\n<title>Manuales del Operador - Massey Ferguson SIMOTOR<\/title>\n<meta name=\"robots\" content=\"index, follow, max-snippet:-1, max-image-preview:large, max-video-preview:-1\" \/>\n<link rel=\"canonical\" href=\"https:\/\/simotor.co\/massey\/manuales-del-operador\/\" \/>\n<meta property=\"og:locale\" content=\"es_ES\" \/>\n<meta property=\"og:type\" content=\"article\" \/>\n<meta property=\"og:title\" content=\"Manuales del Operador - Massey Ferguson SIMOTOR\" \/>\n<meta property=\"og:description\" content=\"MANUALES DEL OPERADOR Los manuales del operador le permitir\u00e1n acceder a toda la informaci\u00f3n que usted necesita para que su maquinaria trabaje con su m\u00e1ximo potencial. Despliegue la lista y encuentre los manuales disponibles ON-LINE. Cosechadoras Cosechadora MF 5690 \u00a0 Tractores Tractor Serie MF 2615 Tractor Serie MF 2635 Tractor Serie MF 290 Tractor Serie [&hellip;]\" \/>\n<meta property=\"og:url\" content=\"https:\/\/simotor.co\/massey\/manuales-del-operador\/\" \/>\n<meta property=\"og:site_name\" content=\"Massey Ferguson SIMOTOR\" \/>\n<meta property=\"article:modified_time\" content=\"2020-06-16T19:59:32+00:00\" \/>\n<meta name=\"twitter:card\" content=\"summary_large_image\" \/>\n<script type=\"application\/ld+json\" class=\"yoast-schema-graph\">{\"@context\":\"https:\/\/schema.org\",\"@graph\":[{\"@type\":\"WebPage\",\"@id\":\"https:\/\/simotor.co\/massey\/manuales-del-operador\/\",\"url\":\"https:\/\/simotor.co\/massey\/manuales-del-operador\/\",\"name\":\"Manuales del Operador - Massey Ferguson SIMOTOR\",\"isPartOf\":{\"@id\":\"https:\/\/simotor.co\/massey\/#website\"},\"datePublished\":\"2020-06-16T15:55:59+00:00\",\"dateModified\":\"2020-06-16T19:59:32+00:00\",\"breadcrumb\":{\"@id\":\"https:\/\/simotor.co\/massey\/manuales-del-operador\/#breadcrumb\"},\"inLanguage\":\"es\",\"potentialAction\":[{\"@type\":\"ReadAction\",\"target\":[\"https:\/\/simotor.co\/massey\/manuales-del-operador\/\"]}]},{\"@type\":\"BreadcrumbList\",\"@id\":\"https:\/\/simotor.co\/massey\/manuales-del-operador\/#breadcrumb\",\"itemListElement\":[{\"@type\":\"ListItem\",\"position\":1,\"name\":\"Portada\",\"item\":\"https:\/\/simotor.co\/massey\/\"},{\"@type\":\"ListItem\",\"position\":2,\"name\":\"Manuales del Operador\"}]},{\"@type\":\"WebSite\",\"@id\":\"https:\/\/simotor.co\/massey\/#website\",\"url\":\"https:\/\/simotor.co\/massey\/\",\"name\":\"Massey Ferguson SIMOTOR\",\"description\":\"\",\"publisher\":{\"@id\":\"https:\/\/simotor.co\/massey\/#organization\"},\"potentialAction\":[{\"@type\":\"SearchAction\",\"target\":{\"@type\":\"EntryPoint\",\"urlTemplate\":\"https:\/\/simotor.co\/massey\/?s={search_term_string}\"},\"query-input\":{\"@type\":\"PropertyValueSpecification\",\"valueRequired\":true,\"valueName\":\"search_term_string\"}}],\"inLanguage\":\"es\"},{\"@type\":\"Organization\",\"@id\":\"https:\/\/simotor.co\/massey\/#organization\",\"name\":\"SIDA S.A. - Massey Ferguson\",\"url\":\"https:\/\/simotor.co\/massey\/\",\"logo\":{\"@type\":\"ImageObject\",\"inLanguage\":\"es\",\"@id\":\"https:\/\/simotor.co\/massey\/#\/schema\/logo\/image\/\",\"url\":\"https:\/\/sida-sas.com\/massey\/wp-content\/uploads\/2020\/05\/logo-massey-header.png\",\"contentUrl\":\"https:\/\/sida-sas.com\/massey\/wp-content\/uploads\/2020\/05\/logo-massey-header.png\",\"width\":136,\"height\":76,\"caption\":\"SIDA S.A. - Massey Ferguson\"},\"image\":{\"@id\":\"https:\/\/simotor.co\/massey\/#\/schema\/logo\/image\/\"}}]}<\/script>\n<!-- \/ Yoast SEO plugin. -->","yoast_head_json":{"title":"Manuales del Operador - Massey Ferguson SIMOTOR","robots":{"index":"index","follow":"follow","max-snippet":"max-snippet:-1","max-image-preview":"max-image-preview:large","max-video-preview":"max-video-preview:-1"},"canonical":"https:\/\/simotor.co\/massey\/manuales-del-operador\/","og_locale":"es_ES","og_type":"article","og_title":"Manuales del Operador - Massey Ferguson SIMOTOR","og_description":"MANUALES DEL OPERADOR Los manuales del operador le permitir\u00e1n acceder a toda la informaci\u00f3n que usted necesita para que su maquinaria trabaje con su m\u00e1ximo potencial. Despliegue la lista y encuentre los manuales disponibles ON-LINE. Cosechadoras Cosechadora MF 5690 \u00a0 Tractores Tractor Serie MF 2615 Tractor Serie MF 2635 Tractor Serie MF 290 Tractor Serie [&hellip;]","og_url":"https:\/\/simotor.co\/massey\/manuales-del-operador\/","og_site_name":"Massey Ferguson SIMOTOR","article_modified_time":"2020-06-16T19:59:32+00:00","twitter_card":"summary_large_image","schema":{"@context":"https:\/\/schema.org","@graph":[{"@type":"WebPage","@id":"https:\/\/simotor.co\/massey\/manuales-del-operador\/","url":"https:\/\/simotor.co\/massey\/manuales-del-operador\/","name":"Manuales del Operador - Massey Ferguson SIMOTOR","isPartOf":{"@id":"https:\/\/simotor.co\/massey\/#website"},"datePublished":"2020-06-16T15:55:59+00:00","dateModified":"2020-06-16T19:59:32+00:00","breadcrumb":{"@id":"https:\/\/simotor.co\/massey\/manuales-del-operador\/#breadcrumb"},"inLanguage":"es","potentialAction":[{"@type":"ReadAction","target":["https:\/\/simotor.co\/massey\/manuales-del-operador\/"]}]},{"@type":"BreadcrumbList","@id":"https:\/\/simotor.co\/massey\/manuales-del-operador\/#breadcrumb","itemListElement":[{"@type":"ListItem","position":1,"name":"Portada","item":"https:\/\/simotor.co\/massey\/"},{"@type":"ListItem","position":2,"name":"Manuales del Operador"}]},{"@type":"WebSite","@id":"https:\/\/simotor.co\/massey\/#website","url":"https:\/\/simotor.co\/massey\/","name":"Massey Ferguson SIMOTOR","description":"","publisher":{"@id":"https:\/\/simotor.co\/massey\/#organization"},"potentialAction":[{"@type":"SearchAction","target":{"@type":"EntryPoint","urlTemplate":"https:\/\/simotor.co\/massey\/?s={search_term_string}"},"query-input":{"@type":"PropertyValueSpecification","valueRequired":true,"valueName":"search_term_string"}}],"inLanguage":"es"},{"@type":"Organization","@id":"https:\/\/simotor.co\/massey\/#organization","name":"SIDA S.A. - Massey Ferguson","url":"https:\/\/simotor.co\/massey\/","logo":{"@type":"ImageObject","inLanguage":"es","@id":"https:\/\/simotor.co\/massey\/#\/schema\/logo\/image\/","url":"https:\/\/sida-sas.com\/massey\/wp-content\/uploads\/2020\/05\/logo-massey-header.png","contentUrl":"https:\/\/sida-sas.com\/massey\/wp-content\/uploads\/2020\/05\/logo-massey-header.png","width":136,"height":76,"caption":"SIDA S.A. - Massey Ferguson"},"image":{"@id":"https:\/\/simotor.co\/massey\/#\/schema\/logo\/image\/"}}]}},"_links":{"self":[{"href":"https:\/\/simotor.co\/massey\/wp-json\/wp\/v2\/pages\/83","targetHints":{"allow":["GET"]}}],"collection":[{"href":"https:\/\/simotor.co\/massey\/wp-json\/wp\/v2\/pages"}],"about":[{"href":"https:\/\/simotor.co\/massey\/wp-json\/wp\/v2\/types\/page"}],"author":[{"embeddable":true,"href":"https:\/\/simotor.co\/massey\/wp-json\/wp\/v2\/users\/4"}],"replies":[{"embeddable":true,"href":"https:\/\/simotor.co\/massey\/wp-json\/wp\/v2\/comments?post=83"}],"version-history":[{"count":36,"href":"https:\/\/simotor.co\/massey\/wp-json\/wp\/v2\/pages\/83\/revisions"}],"predecessor-version":[{"id":119,"href":"https:\/\/simotor.co\/massey\/wp-json\/wp\/v2\/pages\/83\/revisions\/119"}],"wp:attachment":[{"href":"https:\/\/simotor.co\/massey\/wp-json\/wp\/v2\/media?parent=83"}],"curies":[{"name":"wp","href":"https:\/\/api.w.org\/{rel}","templated":true}]}}