{"id":917,"date":"2023-11-01T21:26:44","date_gmt":"2023-11-02T02:26:44","guid":{"rendered":"https:\/\/simotor.co\/massey\/?post_type=product&#038;p=917"},"modified":"2026-04-29T17:35:21","modified_gmt":"2026-04-29T22:35:21","slug":"tractor-mf-7180","status":"publish","type":"product","link":"https:\/\/simotor.co\/massey\/producto\/tractor-mf-7180\/","title":{"rendered":"Cosechadora MF 5690"},"content":{"rendered":"<section class=\"elementor-section elementor-inner-section elementor-element elementor-element-a91915f elementor-section-boxed elementor-section-height-default elementor-section-height-default\" data-particle_enable=\"false\" data-particle-mobile-disabled=\"false\" data-id=\"a91915f\" data-element_type=\"section\" data-settings=\"{&quot;shape_divider_bottom&quot;:&quot;waves-pattern&quot;}\">\n<div class=\"elementor-container elementor-column-gap-default\">\n<div class=\"elementor-column elementor-col-50 elementor-inner-column elementor-element elementor-element-6325bf0\" data-id=\"6325bf0\" data-element_type=\"column\">\n<div class=\"elementor-widget-wrap elementor-element-populated\">\n<div class=\"elementor-element elementor-element-5412d8f elementor-widget elementor-widget-text-editor\" data-id=\"5412d8f\" data-element_type=\"widget\" data-widget_type=\"text-editor.default\">\n<div class=\"elementor-widget-container\">\n<h5>Caudal del Control Remoto (L\/MIN)<\/h5>\n<\/div>\n<\/div>\n<\/div>\n<\/div>\n<\/div>\n<\/section>\n<section class=\"elementor-section elementor-inner-section elementor-element elementor-element-d2dc5c8 elementor-section-boxed elementor-section-height-default elementor-section-height-default\" data-particle_enable=\"false\" data-particle-mobile-disabled=\"false\" data-id=\"d2dc5c8\" data-element_type=\"section\" data-settings=\"{&quot;shape_divider_bottom&quot;:&quot;waves-pattern&quot;}\">\n<div class=\"elementor-container elementor-column-gap-default\">\n<div class=\"elementor-column elementor-col-50 elementor-inner-column elementor-element elementor-element-ba1caa1\" data-id=\"ba1caa1\" data-element_type=\"column\">\n<div class=\"elementor-widget-wrap elementor-element-populated\">\n<div class=\"elementor-element elementor-element-640a6a1 elementor-widget elementor-widget-text-editor\" data-id=\"640a6a1\" data-element_type=\"widget\" data-widget_type=\"text-editor.default\">\n<div class=\"elementor-widget-container\">\n<h5>M\u00e1xima Capacidad de Elevaci\u00f3n (KGF)<\/h5>\n<\/div>\n<\/div>\n<\/div>\n<\/div>\n<\/div>\n<\/section>\n<section class=\"elementor-section elementor-inner-section elementor-element elementor-element-05b98f1 elementor-section-boxed elementor-section-height-default elementor-section-height-default\" data-particle_enable=\"false\" data-particle-mobile-disabled=\"false\" data-id=\"05b98f1\" data-element_type=\"section\" data-settings=\"{&quot;shape_divider_bottom&quot;:&quot;waves-pattern&quot;}\">\n<div class=\"elementor-container elementor-column-gap-default\">\n<div class=\"elementor-column elementor-col-50 elementor-inner-column elementor-element elementor-element-d0c77f3\" data-id=\"d0c77f3\" data-element_type=\"column\">\n<div class=\"elementor-widget-wrap elementor-element-populated\">\n<div class=\"elementor-element elementor-element-539a7d0 elementor-widget elementor-widget-text-editor\" data-id=\"539a7d0\" data-element_type=\"widget\" data-widget_type=\"text-editor.default\">\n<div class=\"elementor-widget-container\">\n<h5>Numero de Valvulas<\/h5>\n<\/div>\n<\/div>\n<\/div>\n<\/div>\n<\/div>\n<\/section>\n<section class=\"elementor-section elementor-inner-section elementor-element elementor-element-3ad781d elementor-section-boxed elementor-section-height-default elementor-section-height-default\" data-particle_enable=\"false\" data-particle-mobile-disabled=\"false\" data-id=\"3ad781d\" data-element_type=\"section\" data-settings=\"{&quot;shape_divider_bottom&quot;:&quot;waves-pattern&quot;}\">\n<div class=\"elementor-container elementor-column-gap-default\">\n<div class=\"elementor-column elementor-col-50 elementor-inner-column elementor-element elementor-element-91089f9\" data-id=\"91089f9\" data-element_type=\"column\">\n<div class=\"elementor-widget-wrap elementor-element-populated\">\n<div class=\"elementor-element elementor-element-bc01a62 elementor-widget elementor-widget-text-editor\" data-id=\"bc01a62\" data-element_type=\"widget\" data-widget_type=\"text-editor.default\">\n<div class=\"elementor-widget-container\">\n<h5>Torque M\u00e1ximo @ 1.500 RPM \u2013 NM (MKGF)<\/h5>\n<\/div>\n<\/div>\n<\/div>\n<\/div>\n<\/div>\n<\/section>\n<section class=\"elementor-section elementor-inner-section elementor-element elementor-element-99b927d elementor-section-boxed elementor-section-height-default elementor-section-height-default\" data-particle_enable=\"false\" data-particle-mobile-disabled=\"false\" data-id=\"99b927d\" data-element_type=\"section\" data-settings=\"{&quot;shape_divider_bottom&quot;:&quot;waves-pattern&quot;}\">\n<div class=\"elementor-container elementor-column-gap-default\">\n<div class=\"elementor-column elementor-col-50 elementor-inner-column elementor-element elementor-element-e4daf7c\" data-id=\"e4daf7c\" data-element_type=\"column\">\n<div class=\"elementor-widget-wrap elementor-element-populated\">\n<div class=\"elementor-element elementor-element-81cd47f elementor-widget elementor-widget-text-editor\" data-id=\"81cd47f\" data-element_type=\"widget\" data-widget_type=\"text-editor.default\">\n<div class=\"elementor-widget-container\">\n<h5>Transmisi\u00f3n<\/h5>\n<\/div>\n<\/div>\n<\/div>\n<\/div>\n<\/div>\n<\/section>\n<section class=\"elementor-section elementor-inner-section elementor-element elementor-element-631f496 elementor-section-boxed elementor-section-height-default elementor-section-height-default\" data-particle_enable=\"false\" data-particle-mobile-disabled=\"false\" data-id=\"631f496\" data-element_type=\"section\" data-settings=\"{&quot;shape_divider_bottom&quot;:&quot;waves-pattern&quot;}\">\n<div class=\"elementor-container elementor-column-gap-default\">\n<div class=\"elementor-column elementor-col-50 elementor-inner-column elementor-element elementor-element-37a9dd6\" data-id=\"37a9dd6\" data-element_type=\"column\">\n<div class=\"elementor-widget-wrap elementor-element-populated\">\n<div class=\"elementor-element elementor-element-e14cfd6 elementor-widget elementor-widget-text-editor\" data-id=\"e14cfd6\" data-element_type=\"widget\" data-widget_type=\"text-editor.default\">\n<div class=\"elementor-widget-container\">\n<h5>Caballos de Fuerza (HP)<\/h5>\n<\/div>\n<\/div>\n<\/div>\n<\/div>\n<\/div>\n<\/section>\n","protected":false},"excerpt":{"rendered":"<p>Caudal del Control Remoto (L\/MIN) M\u00e1xima Capacidad de Elevaci\u00f3n (KGF) Numero de Valvulas Torque M\u00e1ximo @ 1.500 RPM \u2013 NM (MKGF) Transmisi\u00f3n Caballos de Fuerza (HP)<\/p>\n","protected":false},"featured_media":318,"comment_status":"open","ping_status":"closed","template":"","meta":{"_eb_attr":"","site-sidebar-layout":"default","site-content-layout":"","ast-site-content-layout":"default","site-content-style":"default","site-sidebar-style":"default","ast-global-header-display":"","ast-banner-title-visibility":"","ast-main-header-display":"","ast-hfb-above-header-display":"","ast-hfb-below-header-display":"","ast-hfb-mobile-header-display":"","site-post-title":"","ast-breadcrumbs-content":"","ast-featured-img":"","footer-sml-layout":"","theme-transparent-header-meta":"default","adv-header-id-meta":"","stick-header-meta":"default","header-above-stick-meta":"","header-main-stick-meta":"","header-below-stick-meta":"","astra-migrate-meta-layouts":"set","ast-page-background-enabled":"default","ast-page-background-meta":{"desktop":{"background-color":"","background-image":"","background-repeat":"repeat","background-position":"center center","background-size":"auto","background-attachment":"scroll","background-type":"","background-media":"","overlay-type":"","overlay-color":"","overlay-opacity":"","overlay-gradient":""},"tablet":{"background-color":"","background-image":"","background-repeat":"repeat","background-position":"center center","background-size":"auto","background-attachment":"scroll","background-type":"","background-media":"","overlay-type":"","overlay-color":"","overlay-opacity":"","overlay-gradient":""},"mobile":{"background-color":"","background-image":"","background-repeat":"repeat","background-position":"center center","background-size":"auto","background-attachment":"scroll","background-type":"","background-media":"","overlay-type":"","overlay-color":"","overlay-opacity":"","overlay-gradient":""}},"ast-content-background-meta":{"desktop":{"background-color":"var(--ast-global-color-5)","background-image":"","background-repeat":"repeat","background-position":"center center","background-size":"auto","background-attachment":"scroll","background-type":"","background-media":"","overlay-type":"","overlay-color":"","overlay-opacity":"","overlay-gradient":""},"tablet":{"background-color":"var(--ast-global-color-5)","background-image":"","background-repeat":"repeat","background-position":"center center","background-size":"auto","background-attachment":"scroll","background-type":"","background-media":"","overlay-type":"","overlay-color":"","overlay-opacity":"","overlay-gradient":""},"mobile":{"background-color":"var(--ast-global-color-5)","background-image":"","background-repeat":"repeat","background-position":"center center","background-size":"auto","background-attachment":"scroll","background-type":"","background-media":"","overlay-type":"","overlay-color":"","overlay-opacity":"","overlay-gradient":""}}},"product_brand":[],"product_cat":[28],"product_tag":[],"class_list":{"0":"post-917","1":"product","2":"type-product","3":"status-publish","4":"has-post-thumbnail","6":"product_cat-cosechadoras","7":"desktop-align-left","8":"tablet-align-left","9":"mobile-align-left","10":"ast-product-gallery-layout-horizontal-slider","11":"ast-product-gallery-with-no-image","12":"ast-product-tabs-layout-horizontal","14":"first","15":"instock","16":"shipping-taxable","17":"product-type-simple"},"yoast_head":"<!-- This site is optimized with the Yoast SEO plugin v26.1.1 - https:\/\/yoast.com\/wordpress\/plugins\/seo\/ -->\n<title>Cosechadora MF 5690 - Massey Ferguson SIMOTOR<\/title>\n<meta name=\"robots\" content=\"index, follow, max-snippet:-1, max-image-preview:large, max-video-preview:-1\" \/>\n<link rel=\"canonical\" href=\"https:\/\/simotor.co\/massey\/producto\/tractor-mf-7180\/\" \/>\n<meta property=\"og:locale\" content=\"es_ES\" \/>\n<meta property=\"og:type\" content=\"article\" \/>\n<meta property=\"og:title\" content=\"Cosechadora MF 5690 - Massey Ferguson SIMOTOR\" \/>\n<meta property=\"og:description\" content=\"Caudal del Control Remoto (L\/MIN) M\u00e1xima Capacidad de Elevaci\u00f3n (KGF) Numero de Valvulas Torque M\u00e1ximo @ 1.500 RPM \u2013 NM (MKGF) Transmisi\u00f3n Caballos de Fuerza (HP)\" \/>\n<meta property=\"og:url\" content=\"https:\/\/simotor.co\/massey\/producto\/tractor-mf-7180\/\" \/>\n<meta property=\"og:site_name\" content=\"Massey Ferguson SIMOTOR\" \/>\n<meta property=\"article:modified_time\" content=\"2026-04-29T22:35:21+00:00\" \/>\n<meta property=\"og:image\" content=\"https:\/\/simotor.co\/massey\/wp-content\/uploads\/2020\/06\/5690-mini.jpg\" \/>\n\t<meta property=\"og:image:width\" content=\"268\" \/>\n\t<meta property=\"og:image:height\" content=\"197\" \/>\n\t<meta property=\"og:image:type\" content=\"image\/jpeg\" \/>\n<meta name=\"twitter:card\" content=\"summary_large_image\" \/>\n<meta name=\"twitter:label1\" content=\"Tiempo de lectura\" \/>\n\t<meta name=\"twitter:data1\" content=\"1 minuto\" \/>\n<script type=\"application\/ld+json\" class=\"yoast-schema-graph\">{\"@context\":\"https:\/\/schema.org\",\"@graph\":[{\"@type\":\"WebPage\",\"@id\":\"https:\/\/simotor.co\/massey\/producto\/tractor-mf-7180\/\",\"url\":\"https:\/\/simotor.co\/massey\/producto\/tractor-mf-7180\/\",\"name\":\"Cosechadora MF 5690 - Massey Ferguson SIMOTOR\",\"isPartOf\":{\"@id\":\"https:\/\/simotor.co\/massey\/#website\"},\"primaryImageOfPage\":{\"@id\":\"https:\/\/simotor.co\/massey\/producto\/tractor-mf-7180\/#primaryimage\"},\"image\":{\"@id\":\"https:\/\/simotor.co\/massey\/producto\/tractor-mf-7180\/#primaryimage\"},\"thumbnailUrl\":\"https:\/\/simotor.co\/massey\/wp-content\/uploads\/2020\/06\/5690-mini.jpg\",\"datePublished\":\"2023-11-02T02:26:44+00:00\",\"dateModified\":\"2026-04-29T22:35:21+00:00\",\"breadcrumb\":{\"@id\":\"https:\/\/simotor.co\/massey\/producto\/tractor-mf-7180\/#breadcrumb\"},\"inLanguage\":\"es\",\"potentialAction\":[{\"@type\":\"ReadAction\",\"target\":[\"https:\/\/simotor.co\/massey\/producto\/tractor-mf-7180\/\"]}]},{\"@type\":\"ImageObject\",\"inLanguage\":\"es\",\"@id\":\"https:\/\/simotor.co\/massey\/producto\/tractor-mf-7180\/#primaryimage\",\"url\":\"https:\/\/simotor.co\/massey\/wp-content\/uploads\/2020\/06\/5690-mini.jpg\",\"contentUrl\":\"https:\/\/simotor.co\/massey\/wp-content\/uploads\/2020\/06\/5690-mini.jpg\",\"width\":268,\"height\":197},{\"@type\":\"BreadcrumbList\",\"@id\":\"https:\/\/simotor.co\/massey\/producto\/tractor-mf-7180\/#breadcrumb\",\"itemListElement\":[{\"@type\":\"ListItem\",\"position\":1,\"name\":\"Portada\",\"item\":\"https:\/\/simotor.co\/massey\/\"},{\"@type\":\"ListItem\",\"position\":2,\"name\":\"Productos\",\"item\":\"https:\/\/simotor.co\/massey\/tienda\/\"},{\"@type\":\"ListItem\",\"position\":3,\"name\":\"Cosechadora MF 5690\"}]},{\"@type\":\"WebSite\",\"@id\":\"https:\/\/simotor.co\/massey\/#website\",\"url\":\"https:\/\/simotor.co\/massey\/\",\"name\":\"Massey Ferguson SIMOTOR\",\"description\":\"\",\"publisher\":{\"@id\":\"https:\/\/simotor.co\/massey\/#organization\"},\"potentialAction\":[{\"@type\":\"SearchAction\",\"target\":{\"@type\":\"EntryPoint\",\"urlTemplate\":\"https:\/\/simotor.co\/massey\/?s={search_term_string}\"},\"query-input\":{\"@type\":\"PropertyValueSpecification\",\"valueRequired\":true,\"valueName\":\"search_term_string\"}}],\"inLanguage\":\"es\"},{\"@type\":\"Organization\",\"@id\":\"https:\/\/simotor.co\/massey\/#organization\",\"name\":\"SIDA S.A. - Massey Ferguson\",\"url\":\"https:\/\/simotor.co\/massey\/\",\"logo\":{\"@type\":\"ImageObject\",\"inLanguage\":\"es\",\"@id\":\"https:\/\/simotor.co\/massey\/#\/schema\/logo\/image\/\",\"url\":\"https:\/\/sida-sas.com\/massey\/wp-content\/uploads\/2020\/05\/logo-massey-header.png\",\"contentUrl\":\"https:\/\/sida-sas.com\/massey\/wp-content\/uploads\/2020\/05\/logo-massey-header.png\",\"width\":136,\"height\":76,\"caption\":\"SIDA S.A. - Massey Ferguson\"},\"image\":{\"@id\":\"https:\/\/simotor.co\/massey\/#\/schema\/logo\/image\/\"}}]}<\/script>\n<!-- \/ Yoast SEO plugin. -->","yoast_head_json":{"title":"Cosechadora MF 5690 - Massey Ferguson SIMOTOR","robots":{"index":"index","follow":"follow","max-snippet":"max-snippet:-1","max-image-preview":"max-image-preview:large","max-video-preview":"max-video-preview:-1"},"canonical":"https:\/\/simotor.co\/massey\/producto\/tractor-mf-7180\/","og_locale":"es_ES","og_type":"article","og_title":"Cosechadora MF 5690 - Massey Ferguson SIMOTOR","og_description":"Caudal del Control Remoto (L\/MIN) M\u00e1xima Capacidad de Elevaci\u00f3n (KGF) Numero de Valvulas Torque M\u00e1ximo @ 1.500 RPM \u2013 NM (MKGF) Transmisi\u00f3n Caballos de Fuerza (HP)","og_url":"https:\/\/simotor.co\/massey\/producto\/tractor-mf-7180\/","og_site_name":"Massey Ferguson SIMOTOR","article_modified_time":"2026-04-29T22:35:21+00:00","og_image":[{"width":268,"height":197,"url":"https:\/\/simotor.co\/massey\/wp-content\/uploads\/2020\/06\/5690-mini.jpg","type":"image\/jpeg"}],"twitter_card":"summary_large_image","twitter_misc":{"Tiempo de lectura":"1 minuto"},"schema":{"@context":"https:\/\/schema.org","@graph":[{"@type":"WebPage","@id":"https:\/\/simotor.co\/massey\/producto\/tractor-mf-7180\/","url":"https:\/\/simotor.co\/massey\/producto\/tractor-mf-7180\/","name":"Cosechadora MF 5690 - Massey Ferguson SIMOTOR","isPartOf":{"@id":"https:\/\/simotor.co\/massey\/#website"},"primaryImageOfPage":{"@id":"https:\/\/simotor.co\/massey\/producto\/tractor-mf-7180\/#primaryimage"},"image":{"@id":"https:\/\/simotor.co\/massey\/producto\/tractor-mf-7180\/#primaryimage"},"thumbnailUrl":"https:\/\/simotor.co\/massey\/wp-content\/uploads\/2020\/06\/5690-mini.jpg","datePublished":"2023-11-02T02:26:44+00:00","dateModified":"2026-04-29T22:35:21+00:00","breadcrumb":{"@id":"https:\/\/simotor.co\/massey\/producto\/tractor-mf-7180\/#breadcrumb"},"inLanguage":"es","potentialAction":[{"@type":"ReadAction","target":["https:\/\/simotor.co\/massey\/producto\/tractor-mf-7180\/"]}]},{"@type":"ImageObject","inLanguage":"es","@id":"https:\/\/simotor.co\/massey\/producto\/tractor-mf-7180\/#primaryimage","url":"https:\/\/simotor.co\/massey\/wp-content\/uploads\/2020\/06\/5690-mini.jpg","contentUrl":"https:\/\/simotor.co\/massey\/wp-content\/uploads\/2020\/06\/5690-mini.jpg","width":268,"height":197},{"@type":"BreadcrumbList","@id":"https:\/\/simotor.co\/massey\/producto\/tractor-mf-7180\/#breadcrumb","itemListElement":[{"@type":"ListItem","position":1,"name":"Portada","item":"https:\/\/simotor.co\/massey\/"},{"@type":"ListItem","position":2,"name":"Productos","item":"https:\/\/simotor.co\/massey\/tienda\/"},{"@type":"ListItem","position":3,"name":"Cosechadora MF 5690"}]},{"@type":"WebSite","@id":"https:\/\/simotor.co\/massey\/#website","url":"https:\/\/simotor.co\/massey\/","name":"Massey Ferguson SIMOTOR","description":"","publisher":{"@id":"https:\/\/simotor.co\/massey\/#organization"},"potentialAction":[{"@type":"SearchAction","target":{"@type":"EntryPoint","urlTemplate":"https:\/\/simotor.co\/massey\/?s={search_term_string}"},"query-input":{"@type":"PropertyValueSpecification","valueRequired":true,"valueName":"search_term_string"}}],"inLanguage":"es"},{"@type":"Organization","@id":"https:\/\/simotor.co\/massey\/#organization","name":"SIDA S.A. - Massey Ferguson","url":"https:\/\/simotor.co\/massey\/","logo":{"@type":"ImageObject","inLanguage":"es","@id":"https:\/\/simotor.co\/massey\/#\/schema\/logo\/image\/","url":"https:\/\/sida-sas.com\/massey\/wp-content\/uploads\/2020\/05\/logo-massey-header.png","contentUrl":"https:\/\/sida-sas.com\/massey\/wp-content\/uploads\/2020\/05\/logo-massey-header.png","width":136,"height":76,"caption":"SIDA S.A. - Massey Ferguson"},"image":{"@id":"https:\/\/simotor.co\/massey\/#\/schema\/logo\/image\/"}}]}},"_links":{"self":[{"href":"https:\/\/simotor.co\/massey\/wp-json\/wp\/v2\/product\/917","targetHints":{"allow":["GET"]}}],"collection":[{"href":"https:\/\/simotor.co\/massey\/wp-json\/wp\/v2\/product"}],"about":[{"href":"https:\/\/simotor.co\/massey\/wp-json\/wp\/v2\/types\/product"}],"replies":[{"embeddable":true,"href":"https:\/\/simotor.co\/massey\/wp-json\/wp\/v2\/comments?post=917"}],"wp:featuredmedia":[{"embeddable":true,"href":"https:\/\/simotor.co\/massey\/wp-json\/wp\/v2\/media\/318"}],"wp:attachment":[{"href":"https:\/\/simotor.co\/massey\/wp-json\/wp\/v2\/media?parent=917"}],"wp:term":[{"taxonomy":"product_brand","embeddable":true,"href":"https:\/\/simotor.co\/massey\/wp-json\/wp\/v2\/product_brand?post=917"},{"taxonomy":"product_cat","embeddable":true,"href":"https:\/\/simotor.co\/massey\/wp-json\/wp\/v2\/product_cat?post=917"},{"taxonomy":"product_tag","embeddable":true,"href":"https:\/\/simotor.co\/massey\/wp-json\/wp\/v2\/product_tag?post=917"}],"curies":[{"name":"wp","href":"https:\/\/api.w.org\/{rel}","templated":true}]}}